{"id":1667,"date":"2024-07-16T17:31:30","date_gmt":"2024-07-16T15:31:30","guid":{"rendered":"https:\/\/jayjayma.de\/?page_id=1667"},"modified":"2025-10-09T19:22:17","modified_gmt":"2025-10-09T17:22:17","slug":"blog","status":"publish","type":"page","link":"https:\/\/jayjayma.de\/en\/blog\/","title":{"rendered":"Blog"},"content":{"rendered":"<p>[et_pb_section fb_built=&#8220;1&#8243; theme_builder_area=&#8220;post_content&#8220; _builder_version=&#8220;4.27.4&#8243; _module_preset=&#8220;default&#8220; background_color=&#8220;#F9F9F3&#8243; hover_enabled=&#8220;0&#8243; sticky_enabled=&#8220;0&#8243;][et_pb_row _builder_version=&#8220;4.27.4&#8243; _module_preset=&#8220;default&#8220; theme_builder_area=&#8220;post_content&#8220; hover_enabled=&#8220;0&#8243; sticky_enabled=&#8220;0&#8243;][et_pb_column _builder_version=&#8220;4.27.4&#8243; _module_preset=&#8220;default&#8220; type=&#8220;4_4&#8243; theme_builder_area=&#8220;post_content&#8220;][et_pb_blog _builder_version=&#8220;4.27.4&#8243; _module_preset=&#8220;default&#8220; theme_builder_area=&#8220;post_content&#8220; posts_number=&#8220;1&#8243; include_categories=&#8220;all&#8220; show_pagination=&#8220;off&#8220; show_date=&#8220;off&#8220; show_author=&#8220;off&#8220; show_categories=&#8220;off&#8220; hover_enabled=&#8220;0&#8243; sticky_enabled=&#8220;0&#8243; use_overlay=&#8220;on&#8220; overlay_icon_color=&#8220;#607F83&#8243; hover_overlay_color=&#8220;rgba(249,249,243,0.46)&#8220;][\/et_pb_blog][\/et_pb_column][\/et_pb_row][\/et_pb_section][et_pb_section fb_built=&#8220;1&#8243; _builder_version=&#8220;4.27.4&#8243; _module_preset=&#8220;default&#8220; background_color=&#8220;#F9F9F3&#8243; global_colors_info=&#8220;{}&#8220;][et_pb_row _builder_version=&#8220;4.27.4&#8243; _module_preset=&#8220;default&#8220; module_alignment=&#8220;center&#8220; global_colors_info=&#8220;{}&#8220;][et_pb_column type=&#8220;4_4&#8243; _builder_version=&#8220;4.27.4&#8243; _module_preset=&#8220;default&#8220; global_colors_info=&#8220;{}&#8220;][et_pb_blog fullwidth=&#8220;off&#8220; posts_number=&#8220;12&#8243; include_categories=&#8220;all&#8220; meta_date=&#8220;j M Y&#8220; excerpt_length=&#8220;0&#8243; show_author=&#8220;off&#8220; show_excerpt=&#8220;off&#8220; offset_number=&#8220;1&#8243; use_overlay=&#8220;on&#8220; hover_overlay_color=&#8220;rgba(249,249,243,0.62)&#8220; masonry_tile_background_color=&#8220;#F9F9F3&#8243; _builder_version=&#8220;4.27.4&#8243; _module_preset=&#8220;default&#8220; header_font_size=&#8220;18px&#8220; header_letter_spacing=&#8220;1px&#8220; header_line_height=&#8220;1.2em&#8220; read_more_text_color=&#8220;#D88A5E&#8220; pagination_text_color=&#8220;#D88A5E&#8220; background_color=&#8220;RGBA(255,255,255,0)&#8220; hover_enabled=&#8220;0&#8243; box_shadow_style=&#8220;preset2&#8243; box_shadow_horizontal=&#8220;3px&#8220; box_shadow_vertical=&#8220;3px&#8220; box_shadow_blur=&#8220;17px&#8220; box_shadow_color=&#8220;rgba(96,127,131,0.16)&#8220; global_colors_info=&#8220;{}&#8220; sticky_enabled=&#8220;0&#8243; use_manual_excerpt=&#8220;off&#8220; show_date=&#8220;off&#8220; meta_font_size=&#8220;14px&#8220; meta_font=&#8220;|300||||on|||&#8220; meta_text_align=&#8220;center&#8220;][\/et_pb_blog][\/et_pb_column][\/et_pb_row][\/et_pb_section][et_pb_section fb_built=&#8220;1&#8243; disabled_on=&#8220;off|off|off&#8220; admin_label=&#8220;Footer&#8220; _builder_version=&#8220;4.23.1&#8243; background_color=&#8220;#f9f9f3&#8243; min_height=&#8220;432.1px&#8220; overflow-x=&#8220;hidden&#8220; overflow-y=&#8220;hidden&#8220; saved_tabs=&#8220;all&#8220; locked=&#8220;off&#8220; global_colors_info=&#8220;{}&#8220;][et_pb_row _builder_version=&#8220;4.16&#8243; global_colors_info=&#8220;{}&#8220;][et_pb_column type=&#8220;4_4&#8243; _builder_version=&#8220;4.16&#8243; global_colors_info=&#8220;{}&#8220;][et_pb_blurb title=&#8220;by Julia James&#8220; image=&#8220;https:\/\/jayjayma.de\/wp-content\/uploads\/2023\/12\/logo_jayjaysdots.png&#8220; content_max_width=&#8220;305px&#8220; _builder_version=&#8220;4.27.4&#8243; header_font=&#8220;|300|||||||&#8220; header_text_color=&#8220;#607f83&#8243; header_font_size=&#8220;22px&#8220; header_line_height=&#8220;1.2em&#8220; body_font=&#8220;|300|||||||&#8220; text_orientation=&#8220;center&#8220; animation=&#8220;off&#8220; header_font_size_tablet=&#8220;18px&#8220; header_font_size_phone=&#8220;16px&#8220; header_font_size_last_edited=&#8220;on|phone&#8220; global_colors_info=&#8220;{}&#8220;][\/et_pb_blurb][\/et_pb_column][\/et_pb_row][et_pb_row column_structure=&#8220;1_3,1_3,1_3&#8243; use_custom_gutter=&#8220;on&#8220; gutter_width=&#8220;2&#8243; _builder_version=&#8220;4.16&#8243; global_colors_info=&#8220;{}&#8220;][et_pb_column type=&#8220;1_3&#8243; _builder_version=&#8220;4.16&#8243; global_colors_info=&#8220;{}&#8220;][et_pb_text _builder_version=&#8220;4.27.4&#8243; text_font=&#8220;|300|||||||&#8220; text_text_color=&#8220;#607f83&#8243; text_font_size=&#8220;18px&#8220; text_line_height=&#8220;2em&#8220; link_font=&#8220;Raleway_lokal|300|||||||&#8220; link_text_color=&#8220;#607f83&#8243; header_6_font=&#8220;Raleway_lokal|700||on|||||&#8220; header_6_text_color=&#8220;#d88a5e&#8220; header_6_font_size=&#8220;12px&#8220; header_6_letter_spacing=&#8220;2px&#8220; header_6_line_height=&#8220;1.2em&#8220; text_font_size_tablet=&#8220;18px&#8220; text_font_size_phone=&#8220;16px&#8220; text_font_size_last_edited=&#8220;on|desktop&#8220; text_orientation_tablet=&#8220;&#8220; text_orientation_phone=&#8220;center&#8220; text_orientation_last_edited=&#8220;on|phone&#8220; locked=&#8220;off&#8220; global_colors_info=&#8220;{}&#8220;]<\/p>\n<h6>Service<\/h6>\n<p><a href=\"https:\/\/jayjayma.de\/kontakt\">Kontakt<\/a><br \/><a href=\"https:\/\/jayjayma.de\/newsletter\">Newsletter<\/a><br \/><a href=\"https:\/\/jayjayma.de\/zahlung\">Zahlungsm\u00f6glichkeiten<\/a><br \/><a href=\"https:\/\/jayjayma.de\/versand\">Versandinformationen<\/a><\/p>\n<p>[\/et_pb_text][\/et_pb_column][et_pb_column type=&#8220;1_3&#8243; _builder_version=&#8220;4.16&#8243; global_colors_info=&#8220;{}&#8220;][et_pb_text _builder_version=&#8220;4.27.4&#8243; text_font=&#8220;|300|||||||&#8220; text_text_color=&#8220;#a35d3c&#8220; text_font_size=&#8220;18px&#8220; text_line_height=&#8220;2em&#8220; link_font=&#8220;Raleway_lokal|300|||||||&#8220; link_text_color=&#8220;#607f83&#8243; header_6_font=&#8220;Raleway_lokal|700||on|||||&#8220; header_6_text_color=&#8220;#d88a5e&#8220; header_6_font_size=&#8220;12px&#8220; header_6_letter_spacing=&#8220;2px&#8220; header_6_line_height=&#8220;1.2em&#8220; text_orientation=&#8220;center&#8220; text_font_size_tablet=&#8220;18px&#8220; text_font_size_phone=&#8220;16px&#8220; text_font_size_last_edited=&#8220;on|desktop&#8220; locked=&#8220;off&#8220; global_colors_info=&#8220;{}&#8220; link_text_color__hover_enabled=&#8220;on|hover&#8220; link_text_color__hover=&#8220;#adc1c2&#8243;]<\/p>\n<h6>Rechtliches<\/h6>\n<p><a href=\"jayjayma.de\/impressum\">Impressum<\/a><br \/><a href=\"https:\/\/jayjayma.de\/datenschutz\">Datenschutz<\/a><br \/><a href=\"https:\/\/jayjayma.de\/widerrufsrecht\">Widerrufsrecht<\/a><br \/><a href=\"https:\/\/jayjayma.de\/agb\">AGB<\/a><\/p>\n<p>[\/et_pb_text][\/et_pb_column][et_pb_column type=&#8220;1_3&#8243; _builder_version=&#8220;4.16&#8243; global_colors_info=&#8220;{}&#8220;][et_pb_text _builder_version=&#8220;4.27.4&#8243; text_font=&#8220;|300|||||||&#8220; text_text_color=&#8220;#607f83&#8243; text_font_size=&#8220;18px&#8220; text_line_height=&#8220;2em&#8220; link_font=&#8220;|300|||||||&#8220; link_text_color=&#8220;#607f83&#8243; header_6_font=&#8220;Raleway_lokal|700||on|||||&#8220; header_6_text_color=&#8220;#d88a5e&#8220; header_6_font_size=&#8220;12px&#8220; header_6_letter_spacing=&#8220;2px&#8220; header_6_line_height=&#8220;1.2em&#8220; text_orientation=&#8220;right&#8220; text_font_size_tablet=&#8220;18px&#8220; text_font_size_phone=&#8220;16px&#8220; text_font_size_last_edited=&#8220;on|desktop&#8220; text_orientation_tablet=&#8220;right&#8220; text_orientation_phone=&#8220;center&#8220; text_orientation_last_edited=&#8220;on|phone&#8220; locked=&#8220;off&#8220; global_colors_info=&#8220;{}&#8220; text_text_color__hover_enabled=&#8220;on|hover&#8220; text_text_color__hover=&#8220;&#8220; link_text_color__hover_enabled=&#8220;on|hover&#8220; link_text_color__hover=&#8220;#adc1c2&#8243;]<\/p>\n<h6>\u00dcber<\/h6>\n<p>Die Mandala-K\u00fcnstlerin Julia James verbindet Kreativit\u00e4t mit Achtsamkeit und inspiriert andere, durch ihre Kunst innere Ruhe und Balance zu finden.<\/p>\n<p>[\/et_pb_text][\/et_pb_column][\/et_pb_row][et_pb_row _builder_version=&#8220;4.26.0&#8243; _module_preset=&#8220;default&#8220; global_colors_info=&#8220;{}&#8220;][et_pb_column type=&#8220;4_4&#8243; _builder_version=&#8220;4.26.0&#8243; _module_preset=&#8220;default&#8220; global_colors_info=&#8220;{}&#8220;][et_pb_text _builder_version=&#8220;4.27.4&#8243; _dynamic_attributes=&#8220;content&#8220; _module_preset=&#8220;default&#8220; text_font=&#8220;|300|||||||&#8220; text_text_color=&#8220;#607f83&#8243; text_orientation=&#8220;center&#8220; custom_margin=&#8220;||||false|false&#8220; global_colors_info=&#8220;{}&#8220;]@ET-DC@eyJkeW5hbWljIjp0cnVlLCJjb250ZW50IjoiY3VycmVudF9kYXRlIiwic2V0dGluZ3MiOnsiYmVmb3JlIjoiJmNvcHk7IENvcHlyaWdodCAiLCJhZnRlciI6IiB8IGpheWpheW1hLmRlIiwiZGF0ZV9mb3JtYXQiOiJjdXN0b20iLCJjdXN0b21fZGF0ZV9mb3JtYXQiOiJZIn19@[\/et_pb_text][\/et_pb_column][\/et_pb_row][\/et_pb_section]<\/p>\n","protected":false},"excerpt":{"rendered":"<p>Service KontaktNewsletterZahlungsm\u00f6glichkeitenVersandinformationenRechtliches ImpressumDatenschutzWiderrufsrechtAGB\u00dcber Die Mandala-K\u00fcnstlerin Julia James verbindet Kreativit\u00e4t mit Achtsamkeit und inspiriert andere, durch ihre Kunst innere Ruhe und Balance zu finden.<\/p>","protected":false},"author":1,"featured_media":0,"parent":0,"menu_order":0,"comment_status":"closed","ping_status":"closed","template":"","meta":{"_et_pb_use_builder":"on","_et_pb_old_content":"","_et_gb_content_width":"","_metis_text_type":"standard","_metis_text_length":1666,"_post_count":0,"footnotes":""},"class_list":["post-1667","page","type-page","status-publish","hentry"],"yoast_head":"<!-- This site is optimized with the Yoast SEO plugin v27.3 - https:\/\/yoast.com\/product\/yoast-seo-wordpress\/ -->\n<title>Blog - jayjayma.de<\/title>\n<meta name=\"robots\" content=\"index, follow, max-snippet:-1, max-image-preview:large, max-video-preview:-1\" \/>\n<link rel=\"canonical\" href=\"https:\/\/jayjayma.de\/en\/blog\/\" \/>\n<meta property=\"og:locale\" content=\"en_GB\" \/>\n<meta property=\"og:type\" content=\"article\" \/>\n<meta property=\"og:title\" content=\"Blog - jayjayma.de\" \/>\n<meta property=\"og:description\" content=\"Service KontaktNewsletterZahlungsm\u00f6glichkeitenVersandinformationenRechtliches ImpressumDatenschutzWiderrufsrechtAGB\u00dcber Die Mandala-K\u00fcnstlerin Julia James verbindet Kreativit\u00e4t mit Achtsamkeit und inspiriert andere, durch ihre Kunst innere Ruhe und Balance zu finden.\" \/>\n<meta property=\"og:url\" content=\"https:\/\/jayjayma.de\/en\/blog\/\" \/>\n<meta property=\"og:site_name\" content=\"jayjayma.de\" \/>\n<meta property=\"article:modified_time\" content=\"2025-10-09T17:22:17+00:00\" \/>\n<meta name=\"twitter:card\" content=\"summary_large_image\" \/>\n<meta name=\"twitter:label1\" content=\"Estimated reading time\" \/>\n\t<meta name=\"twitter:data1\" content=\"4 minutes\" \/>\n<script type=\"application\/ld+json\" class=\"yoast-schema-graph\">{\"@context\":\"https:\\\/\\\/schema.org\",\"@graph\":[{\"@type\":\"WebPage\",\"@id\":\"https:\\\/\\\/jayjayma.de\\\/blog\\\/\",\"url\":\"https:\\\/\\\/jayjayma.de\\\/blog\\\/\",\"name\":\"Blog - jayjayma.de\",\"isPartOf\":{\"@id\":\"https:\\\/\\\/jayjayma.de\\\/#website\"},\"datePublished\":\"2024-07-16T15:31:30+00:00\",\"dateModified\":\"2025-10-09T17:22:17+00:00\",\"breadcrumb\":{\"@id\":\"https:\\\/\\\/jayjayma.de\\\/blog\\\/#breadcrumb\"},\"inLanguage\":\"en-GB\",\"potentialAction\":[{\"@type\":\"ReadAction\",\"target\":[\"https:\\\/\\\/jayjayma.de\\\/blog\\\/\"]}]},{\"@type\":\"BreadcrumbList\",\"@id\":\"https:\\\/\\\/jayjayma.de\\\/blog\\\/#breadcrumb\",\"itemListElement\":[{\"@type\":\"ListItem\",\"position\":1,\"name\":\"Home\",\"item\":\"https:\\\/\\\/jayjayma.de\\\/\"},{\"@type\":\"ListItem\",\"position\":2,\"name\":\"Blog\"}]},{\"@type\":\"WebSite\",\"@id\":\"https:\\\/\\\/jayjayma.de\\\/#website\",\"url\":\"https:\\\/\\\/jayjayma.de\\\/\",\"name\":\"jayjayma.de\",\"description\":\"arts and craft\",\"publisher\":{\"@id\":\"https:\\\/\\\/jayjayma.de\\\/#\\\/schema\\\/person\\\/e9210b912c40330c015ef249278e5649\"},\"potentialAction\":[{\"@type\":\"SearchAction\",\"target\":{\"@type\":\"EntryPoint\",\"urlTemplate\":\"https:\\\/\\\/jayjayma.de\\\/?s={search_term_string}\"},\"query-input\":{\"@type\":\"PropertyValueSpecification\",\"valueRequired\":true,\"valueName\":\"search_term_string\"}}],\"inLanguage\":\"en-GB\"},{\"@type\":[\"Person\",\"Organization\"],\"@id\":\"https:\\\/\\\/jayjayma.de\\\/#\\\/schema\\\/person\\\/e9210b912c40330c015ef249278e5649\",\"name\":\"Julia James\",\"image\":{\"@type\":\"ImageObject\",\"inLanguage\":\"en-GB\",\"@id\":\"https:\\\/\\\/jayjayma.de\\\/wp-content\\\/uploads\\\/2025\\\/04\\\/jayjaysdots_dunkel.png\",\"url\":\"https:\\\/\\\/jayjayma.de\\\/wp-content\\\/uploads\\\/2025\\\/04\\\/jayjaysdots_dunkel.png\",\"contentUrl\":\"https:\\\/\\\/jayjayma.de\\\/wp-content\\\/uploads\\\/2025\\\/04\\\/jayjaysdots_dunkel.png\",\"width\":500,\"height\":500,\"caption\":\"Julia James\"},\"logo\":{\"@id\":\"https:\\\/\\\/jayjayma.de\\\/wp-content\\\/uploads\\\/2025\\\/04\\\/jayjaysdots_dunkel.png\"},\"description\":\"Die Mandala-K\u00fcnstlerin und Workshop-Leiterin verbindet Kreativit\u00e4t mit Achtsamkeit und inspiriert andere, durch das Betrachten und Malen von Mandalas innere Ruhe und Balance zu finden.\",\"sameAs\":[\"https:\\\/\\\/jayjayma.de\",\"https:\\\/\\\/www.instagram.com\\\/jayjaysdots\\\/\"]}]}<\/script>\n<!-- \/ Yoast SEO plugin. -->","yoast_head_json":{"title":"Blog - jayjayma.de","robots":{"index":"index","follow":"follow","max-snippet":"max-snippet:-1","max-image-preview":"max-image-preview:large","max-video-preview":"max-video-preview:-1"},"canonical":"https:\/\/jayjayma.de\/en\/blog\/","og_locale":"en_GB","og_type":"article","og_title":"Blog - jayjayma.de","og_description":"Service KontaktNewsletterZahlungsm\u00f6glichkeitenVersandinformationenRechtliches ImpressumDatenschutzWiderrufsrechtAGB\u00dcber Die Mandala-K\u00fcnstlerin Julia James verbindet Kreativit\u00e4t mit Achtsamkeit und inspiriert andere, durch ihre Kunst innere Ruhe und Balance zu finden.","og_url":"https:\/\/jayjayma.de\/en\/blog\/","og_site_name":"jayjayma.de","article_modified_time":"2025-10-09T17:22:17+00:00","twitter_card":"summary_large_image","twitter_misc":{"Estimated reading time":"4 minutes"},"schema":{"@context":"https:\/\/schema.org","@graph":[{"@type":"WebPage","@id":"https:\/\/jayjayma.de\/blog\/","url":"https:\/\/jayjayma.de\/blog\/","name":"Blog - jayjayma.de","isPartOf":{"@id":"https:\/\/jayjayma.de\/#website"},"datePublished":"2024-07-16T15:31:30+00:00","dateModified":"2025-10-09T17:22:17+00:00","breadcrumb":{"@id":"https:\/\/jayjayma.de\/blog\/#breadcrumb"},"inLanguage":"en-GB","potentialAction":[{"@type":"ReadAction","target":["https:\/\/jayjayma.de\/blog\/"]}]},{"@type":"BreadcrumbList","@id":"https:\/\/jayjayma.de\/blog\/#breadcrumb","itemListElement":[{"@type":"ListItem","position":1,"name":"Home","item":"https:\/\/jayjayma.de\/"},{"@type":"ListItem","position":2,"name":"Blog"}]},{"@type":"WebSite","@id":"https:\/\/jayjayma.de\/#website","url":"https:\/\/jayjayma.de\/","name":"jayjayma.de","description":"arts and craft","publisher":{"@id":"https:\/\/jayjayma.de\/#\/schema\/person\/e9210b912c40330c015ef249278e5649"},"potentialAction":[{"@type":"SearchAction","target":{"@type":"EntryPoint","urlTemplate":"https:\/\/jayjayma.de\/?s={search_term_string}"},"query-input":{"@type":"PropertyValueSpecification","valueRequired":true,"valueName":"search_term_string"}}],"inLanguage":"en-GB"},{"@type":["Person","Organization"],"@id":"https:\/\/jayjayma.de\/#\/schema\/person\/e9210b912c40330c015ef249278e5649","name":"Julia James","image":{"@type":"ImageObject","inLanguage":"en-GB","@id":"https:\/\/jayjayma.de\/wp-content\/uploads\/2025\/04\/jayjaysdots_dunkel.png","url":"https:\/\/jayjayma.de\/wp-content\/uploads\/2025\/04\/jayjaysdots_dunkel.png","contentUrl":"https:\/\/jayjayma.de\/wp-content\/uploads\/2025\/04\/jayjaysdots_dunkel.png","width":500,"height":500,"caption":"Julia James"},"logo":{"@id":"https:\/\/jayjayma.de\/wp-content\/uploads\/2025\/04\/jayjaysdots_dunkel.png"},"description":"The mandala artist and workshop host combines creativity with mindfulness and inspires others to find inner peace and balance by looking at and painting mandalas.","sameAs":["https:\/\/jayjayma.de","https:\/\/www.instagram.com\/jayjaysdots\/"]}]}},"_links":{"self":[{"href":"https:\/\/jayjayma.de\/en\/wp-json\/wp\/v2\/pages\/1667","targetHints":{"allow":["GET"]}}],"collection":[{"href":"https:\/\/jayjayma.de\/en\/wp-json\/wp\/v2\/pages"}],"about":[{"href":"https:\/\/jayjayma.de\/en\/wp-json\/wp\/v2\/types\/page"}],"author":[{"embeddable":true,"href":"https:\/\/jayjayma.de\/en\/wp-json\/wp\/v2\/users\/1"}],"replies":[{"embeddable":true,"href":"https:\/\/jayjayma.de\/en\/wp-json\/wp\/v2\/comments?post=1667"}],"version-history":[{"count":9,"href":"https:\/\/jayjayma.de\/en\/wp-json\/wp\/v2\/pages\/1667\/revisions"}],"predecessor-version":[{"id":3959,"href":"https:\/\/jayjayma.de\/en\/wp-json\/wp\/v2\/pages\/1667\/revisions\/3959"}],"wp:attachment":[{"href":"https:\/\/jayjayma.de\/en\/wp-json\/wp\/v2\/media?parent=1667"}],"curies":[{"name":"wp","href":"https:\/\/api.w.org\/{rel}","templated":true}]}}