{"id":2131,"date":"2025-01-08T17:53:14","date_gmt":"2025-01-08T16:53:14","guid":{"rendered":"https:\/\/jayjayma.de\/?page_id=2131"},"modified":"2025-08-06T10:49:17","modified_gmt":"2025-08-06T08:49:17","slug":"zahlung","status":"publish","type":"page","link":"https:\/\/jayjayma.de\/en\/zahlung\/","title":{"rendered":"Payment options"},"content":{"rendered":"<p>[et_pb_section fb_built=&#8220;1&#8243; _builder_version=&#8220;4.26.0&#8243; _module_preset=&#8220;default&#8220; background_color=&#8220;#607f83&#8243; global_colors_info=&#8220;{}&#8220;][et_pb_row _builder_version=&#8220;4.21.0&#8243; _module_preset=&#8220;default&#8220; global_colors_info=&#8220;{}&#8220;][et_pb_column type=&#8220;4_4&#8243; _builder_version=&#8220;4.21.0&#8243; _module_preset=&#8220;default&#8220; global_colors_info=&#8220;{}&#8220;][et_pb_text _builder_version=&#8220;4.27.4&#8243; _module_preset=&#8220;default&#8220; text_font=&#8220;|300||on|||||&#8220; text_text_color=&#8220;#FFFFFF&#8220; text_font_size=&#8220;40px&#8220; header_font=&#8220;|||on|||||&#8220; header_text_color=&#8220;#FFFFFF&#8220; header_font_size=&#8220;58px&#8220; text_font_size_tablet=&#8220;30px&#8220; text_font_size_phone=&#8220;30px&#8220; text_font_size_last_edited=&#8220;on|desktop&#8220; header_font_size_tablet=&#8220;36px&#8220; header_font_size_phone=&#8220;36px&#8220; header_font_size_last_edited=&#8220;on|desktop&#8220; global_colors_info=&#8220;{}&#8220;]<\/p>\n<h1><span>Zahlungsm\u00f6glichkeiten<\/span><\/h1>\n<p><span>Dein Weg zum Kauf.<\/span><\/p>\n<p>[\/et_pb_text][\/et_pb_column][\/et_pb_row][\/et_pb_section][et_pb_section fb_built=&#8220;1&#8243; _builder_version=&#8220;4.26.0&#8243; _module_preset=&#8220;default&#8220; background_color=&#8220;#f9f9f3&#8243; custom_padding=&#8220;||0px||false|false&#8220; global_colors_info=&#8220;{}&#8220;][et_pb_row _builder_version=&#8220;4.21.0&#8243; _module_preset=&#8220;default&#8220; global_colors_info=&#8220;{}&#8220;][et_pb_column type=&#8220;4_4&#8243; _builder_version=&#8220;4.21.0&#8243; _module_preset=&#8220;default&#8220; global_colors_info=&#8220;{}&#8220;][et_pb_text _builder_version=&#8220;4.27.4&#8243; _module_preset=&#8220;default&#8220; text_font=&#8220;||||||||&#8220; text_font_size=&#8220;16px&#8220; link_font=&#8220;Raleway_lokal||||||||&#8220; link_text_color=&#8220;#d88a5e&#8220; header_font=&#8220;|||on|||||&#8220; header_text_color=&#8220;#607f83&#8243; header_3_font=&#8220;|300||||on|||&#8220; header_3_text_color=&#8220;#607f83&#8243; header_3_font_size=&#8220;28px&#8220; header_4_font=&#8220;||||||||&#8220; header_4_text_color=&#8220;#607f83&#8243; header_4_font_size=&#8220;20px&#8220; hover_enabled=&#8220;0&#8243; global_colors_info=&#8220;{}&#8220; header_3_font_size__hover_enabled=&#8220;off|desktop&#8220; sticky_enabled=&#8220;0&#8243;]<\/p>\n<h3>Sichere und einfache Bezahlung per Vorkasse<\/h3>\n<p>&nbsp;<\/p>\n<p>&nbsp;<\/p>\n<p>Derzeit biete ich die M\u00f6glichkeit, bequem und sicher per Vorkasse zu bezahlen. Diese Methode hat einige Vorteile:<\/p>\n<ul>\n<li><strong>Du beh\u00e4ltst die Kontrolle<\/strong>: \u00dcberweise den Betrag erst nachdem du die Auftragsbest\u00e4tigung\/Rechnung bekommen hast.<\/li>\n<li><strong>Keine zus\u00e4tzlichen Kosten<\/strong>: Es fallen keine Geb\u00fchren an, wie sie bei anderen Zahlungsmethoden oft \u00fcblich sind.<\/li>\n<li><strong><\/strong><strong>Vertrauensw\u00fcrdig<\/strong>: Deine Bankdaten bleiben sicher \u2013 keine Drittanbieter sind involviert.<\/li>\n<\/ul>\n<p>Sobald der Betrag auf meinem Konto eingegangen ist, k\u00fcmmere ich mich umgehend um den Versand deines Kunstwerks.<\/p>\n<p>&nbsp;<\/p>\n<p>[\/et_pb_text][\/et_pb_column][\/et_pb_row][\/et_pb_section]<\/p>\n","protected":false},"excerpt":{"rendered":"<p>Zahlungsm\u00f6glichkeiten Dein Weg zum Kauf.Sichere und einfache Bezahlung per Vorkasse &nbsp; &nbsp; Derzeit biete ich die M\u00f6glichkeit, bequem und sicher per Vorkasse zu bezahlen. Diese Methode hat einige Vorteile: Du beh\u00e4ltst die Kontrolle: \u00dcberweise den Betrag erst nachdem du die Auftragsbest\u00e4tigung\/Rechnung bekommen hast. Keine zus\u00e4tzlichen Kosten: Es fallen keine Geb\u00fchren an, wie sie bei anderen [&hellip;]<\/p>\n","protected":false},"author":1,"featured_media":0,"parent":0,"menu_order":0,"comment_status":"closed","ping_status":"closed","template":"","meta":{"_et_pb_use_builder":"on","_et_pb_old_content":"","_et_gb_content_width":"","_metis_text_type":"standard","_metis_text_length":3053,"_post_count":0,"footnotes":""},"class_list":["post-2131","page","type-page","status-publish","hentry"],"yoast_head":"<!-- This site is optimized with the Yoast SEO plugin v27.3 - https:\/\/yoast.com\/product\/yoast-seo-wordpress\/ -->\n<title>Zahlungsm\u00f6glichkeiten - jayjayma.de<\/title>\n<meta name=\"robots\" content=\"index, follow, max-snippet:-1, max-image-preview:large, max-video-preview:-1\" \/>\n<link rel=\"canonical\" href=\"https:\/\/jayjayma.de\/en\/zahlung\/\" \/>\n<meta property=\"og:locale\" content=\"en_GB\" \/>\n<meta property=\"og:type\" content=\"article\" \/>\n<meta property=\"og:title\" content=\"Zahlungsm\u00f6glichkeiten - jayjayma.de\" \/>\n<meta property=\"og:description\" content=\"Zahlungsm\u00f6glichkeiten Dein Weg zum Kauf.Sichere und einfache Bezahlung per Vorkasse &nbsp; &nbsp; Derzeit biete ich die M\u00f6glichkeit, bequem und sicher per Vorkasse zu bezahlen. Diese Methode hat einige Vorteile: Du beh\u00e4ltst die Kontrolle: \u00dcberweise den Betrag erst nachdem du die Auftragsbest\u00e4tigung\/Rechnung bekommen hast. Keine zus\u00e4tzlichen Kosten: Es fallen keine Geb\u00fchren an, wie sie bei anderen [&hellip;]\" \/>\n<meta property=\"og:url\" content=\"https:\/\/jayjayma.de\/en\/zahlung\/\" \/>\n<meta property=\"og:site_name\" content=\"jayjayma.de\" \/>\n<meta property=\"article:modified_time\" content=\"2025-08-06T08:49:17+00:00\" \/>\n<meta name=\"twitter:card\" content=\"summary_large_image\" \/>\n<meta name=\"twitter:label1\" content=\"Estimated reading time\" \/>\n\t<meta name=\"twitter:data1\" content=\"2 minutes\" \/>\n<script type=\"application\/ld+json\" class=\"yoast-schema-graph\">{\"@context\":\"https:\\\/\\\/schema.org\",\"@graph\":[{\"@type\":\"WebPage\",\"@id\":\"https:\\\/\\\/jayjayma.de\\\/zahlung\\\/\",\"url\":\"https:\\\/\\\/jayjayma.de\\\/zahlung\\\/\",\"name\":\"Zahlungsm\u00f6glichkeiten - jayjayma.de\",\"isPartOf\":{\"@id\":\"https:\\\/\\\/jayjayma.de\\\/#website\"},\"datePublished\":\"2025-01-08T16:53:14+00:00\",\"dateModified\":\"2025-08-06T08:49:17+00:00\",\"breadcrumb\":{\"@id\":\"https:\\\/\\\/jayjayma.de\\\/zahlung\\\/#breadcrumb\"},\"inLanguage\":\"en-GB\",\"potentialAction\":[{\"@type\":\"ReadAction\",\"target\":[\"https:\\\/\\\/jayjayma.de\\\/zahlung\\\/\"]}]},{\"@type\":\"BreadcrumbList\",\"@id\":\"https:\\\/\\\/jayjayma.de\\\/zahlung\\\/#breadcrumb\",\"itemListElement\":[{\"@type\":\"ListItem\",\"position\":1,\"name\":\"Home\",\"item\":\"https:\\\/\\\/jayjayma.de\\\/\"},{\"@type\":\"ListItem\",\"position\":2,\"name\":\"Zahlungsm\u00f6glichkeiten\"}]},{\"@type\":\"WebSite\",\"@id\":\"https:\\\/\\\/jayjayma.de\\\/#website\",\"url\":\"https:\\\/\\\/jayjayma.de\\\/\",\"name\":\"jayjayma.de\",\"description\":\"arts and craft\",\"publisher\":{\"@id\":\"https:\\\/\\\/jayjayma.de\\\/#\\\/schema\\\/person\\\/e9210b912c40330c015ef249278e5649\"},\"potentialAction\":[{\"@type\":\"SearchAction\",\"target\":{\"@type\":\"EntryPoint\",\"urlTemplate\":\"https:\\\/\\\/jayjayma.de\\\/?s={search_term_string}\"},\"query-input\":{\"@type\":\"PropertyValueSpecification\",\"valueRequired\":true,\"valueName\":\"search_term_string\"}}],\"inLanguage\":\"en-GB\"},{\"@type\":[\"Person\",\"Organization\"],\"@id\":\"https:\\\/\\\/jayjayma.de\\\/#\\\/schema\\\/person\\\/e9210b912c40330c015ef249278e5649\",\"name\":\"Julia James\",\"image\":{\"@type\":\"ImageObject\",\"inLanguage\":\"en-GB\",\"@id\":\"https:\\\/\\\/jayjayma.de\\\/wp-content\\\/uploads\\\/2025\\\/04\\\/jayjaysdots_dunkel.png\",\"url\":\"https:\\\/\\\/jayjayma.de\\\/wp-content\\\/uploads\\\/2025\\\/04\\\/jayjaysdots_dunkel.png\",\"contentUrl\":\"https:\\\/\\\/jayjayma.de\\\/wp-content\\\/uploads\\\/2025\\\/04\\\/jayjaysdots_dunkel.png\",\"width\":500,\"height\":500,\"caption\":\"Julia James\"},\"logo\":{\"@id\":\"https:\\\/\\\/jayjayma.de\\\/wp-content\\\/uploads\\\/2025\\\/04\\\/jayjaysdots_dunkel.png\"},\"description\":\"Die Mandala-K\u00fcnstlerin und Workshop-Leiterin verbindet Kreativit\u00e4t mit Achtsamkeit und inspiriert andere, durch das Betrachten und Malen von Mandalas innere Ruhe und Balance zu finden.\",\"sameAs\":[\"https:\\\/\\\/jayjayma.de\",\"https:\\\/\\\/www.instagram.com\\\/jayjaysdots\\\/\"]}]}<\/script>\n<!-- \/ Yoast SEO plugin. -->","yoast_head_json":{"title":"Zahlungsm\u00f6glichkeiten - jayjayma.de","robots":{"index":"index","follow":"follow","max-snippet":"max-snippet:-1","max-image-preview":"max-image-preview:large","max-video-preview":"max-video-preview:-1"},"canonical":"https:\/\/jayjayma.de\/en\/zahlung\/","og_locale":"en_GB","og_type":"article","og_title":"Zahlungsm\u00f6glichkeiten - jayjayma.de","og_description":"Zahlungsm\u00f6glichkeiten Dein Weg zum Kauf.Sichere und einfache Bezahlung per Vorkasse &nbsp; &nbsp; Derzeit biete ich die M\u00f6glichkeit, bequem und sicher per Vorkasse zu bezahlen. Diese Methode hat einige Vorteile: Du beh\u00e4ltst die Kontrolle: \u00dcberweise den Betrag erst nachdem du die Auftragsbest\u00e4tigung\/Rechnung bekommen hast. Keine zus\u00e4tzlichen Kosten: Es fallen keine Geb\u00fchren an, wie sie bei anderen [&hellip;]","og_url":"https:\/\/jayjayma.de\/en\/zahlung\/","og_site_name":"jayjayma.de","article_modified_time":"2025-08-06T08:49:17+00:00","twitter_card":"summary_large_image","twitter_misc":{"Estimated reading time":"2 minutes"},"schema":{"@context":"https:\/\/schema.org","@graph":[{"@type":"WebPage","@id":"https:\/\/jayjayma.de\/zahlung\/","url":"https:\/\/jayjayma.de\/zahlung\/","name":"Zahlungsm\u00f6glichkeiten - jayjayma.de","isPartOf":{"@id":"https:\/\/jayjayma.de\/#website"},"datePublished":"2025-01-08T16:53:14+00:00","dateModified":"2025-08-06T08:49:17+00:00","breadcrumb":{"@id":"https:\/\/jayjayma.de\/zahlung\/#breadcrumb"},"inLanguage":"en-GB","potentialAction":[{"@type":"ReadAction","target":["https:\/\/jayjayma.de\/zahlung\/"]}]},{"@type":"BreadcrumbList","@id":"https:\/\/jayjayma.de\/zahlung\/#breadcrumb","itemListElement":[{"@type":"ListItem","position":1,"name":"Home","item":"https:\/\/jayjayma.de\/"},{"@type":"ListItem","position":2,"name":"Zahlungsm\u00f6glichkeiten"}]},{"@type":"WebSite","@id":"https:\/\/jayjayma.de\/#website","url":"https:\/\/jayjayma.de\/","name":"jayjayma.de","description":"arts and craft","publisher":{"@id":"https:\/\/jayjayma.de\/#\/schema\/person\/e9210b912c40330c015ef249278e5649"},"potentialAction":[{"@type":"SearchAction","target":{"@type":"EntryPoint","urlTemplate":"https:\/\/jayjayma.de\/?s={search_term_string}"},"query-input":{"@type":"PropertyValueSpecification","valueRequired":true,"valueName":"search_term_string"}}],"inLanguage":"en-GB"},{"@type":["Person","Organization"],"@id":"https:\/\/jayjayma.de\/#\/schema\/person\/e9210b912c40330c015ef249278e5649","name":"Julia James","image":{"@type":"ImageObject","inLanguage":"en-GB","@id":"https:\/\/jayjayma.de\/wp-content\/uploads\/2025\/04\/jayjaysdots_dunkel.png","url":"https:\/\/jayjayma.de\/wp-content\/uploads\/2025\/04\/jayjaysdots_dunkel.png","contentUrl":"https:\/\/jayjayma.de\/wp-content\/uploads\/2025\/04\/jayjaysdots_dunkel.png","width":500,"height":500,"caption":"Julia James"},"logo":{"@id":"https:\/\/jayjayma.de\/wp-content\/uploads\/2025\/04\/jayjaysdots_dunkel.png"},"description":"The mandala artist and workshop host combines creativity with mindfulness and inspires others to find inner peace and balance by looking at and painting mandalas.","sameAs":["https:\/\/jayjayma.de","https:\/\/www.instagram.com\/jayjaysdots\/"]}]}},"_links":{"self":[{"href":"https:\/\/jayjayma.de\/en\/wp-json\/wp\/v2\/pages\/2131","targetHints":{"allow":["GET"]}}],"collection":[{"href":"https:\/\/jayjayma.de\/en\/wp-json\/wp\/v2\/pages"}],"about":[{"href":"https:\/\/jayjayma.de\/en\/wp-json\/wp\/v2\/types\/page"}],"author":[{"embeddable":true,"href":"https:\/\/jayjayma.de\/en\/wp-json\/wp\/v2\/users\/1"}],"replies":[{"embeddable":true,"href":"https:\/\/jayjayma.de\/en\/wp-json\/wp\/v2\/comments?post=2131"}],"version-history":[{"count":4,"href":"https:\/\/jayjayma.de\/en\/wp-json\/wp\/v2\/pages\/2131\/revisions"}],"predecessor-version":[{"id":3502,"href":"https:\/\/jayjayma.de\/en\/wp-json\/wp\/v2\/pages\/2131\/revisions\/3502"}],"wp:attachment":[{"href":"https:\/\/jayjayma.de\/en\/wp-json\/wp\/v2\/media?parent=2131"}],"curies":[{"name":"wp","href":"https:\/\/api.w.org\/{rel}","templated":true}]}}