{"id":2137,"date":"2025-01-08T17:58:19","date_gmt":"2025-01-08T16:58:19","guid":{"rendered":"https:\/\/jayjayma.de\/?page_id=2137"},"modified":"2025-08-06T10:53:24","modified_gmt":"2025-08-06T08:53:24","slug":"widerrufsrecht","status":"publish","type":"page","link":"https:\/\/jayjayma.de\/en\/widerrufsrecht\/","title":{"rendered":"Right of cancellation"},"content":{"rendered":"<p>[et_pb_section fb_built=&#8220;1&#8243; _builder_version=&#8220;4.26.0&#8243; _module_preset=&#8220;default&#8220; background_color=&#8220;#607f83&#8243; global_colors_info=&#8220;{}&#8220;][et_pb_row _builder_version=&#8220;4.21.0&#8243; _module_preset=&#8220;default&#8220; global_colors_info=&#8220;{}&#8220;][et_pb_column type=&#8220;4_4&#8243; _builder_version=&#8220;4.21.0&#8243; _module_preset=&#8220;default&#8220; global_colors_info=&#8220;{}&#8220;][et_pb_text _builder_version=&#8220;4.27.4&#8243; _module_preset=&#8220;default&#8220; text_font=&#8220;|300||on|||||&#8220; text_text_color=&#8220;#FFFFFF&#8220; text_font_size=&#8220;40px&#8220; header_font=&#8220;|||on|||||&#8220; header_text_color=&#8220;#FFFFFF&#8220; header_font_size=&#8220;58px&#8220; text_font_size_tablet=&#8220;30px&#8220; text_font_size_phone=&#8220;30px&#8220; text_font_size_last_edited=&#8220;on|desktop&#8220; header_font_size_tablet=&#8220;36px&#8220; header_font_size_phone=&#8220;36px&#8220; header_font_size_last_edited=&#8220;on|desktop&#8220; global_colors_info=&#8220;{}&#8220;]<\/p>\n<h1><span>Widerrufsbelehrung<\/span><\/h1>\n<p><span>F\u00fcr Ausnahmef\u00e4lle.<\/span><\/p>\n<p>[\/et_pb_text][\/et_pb_column][\/et_pb_row][\/et_pb_section][et_pb_section fb_built=&#8220;1&#8243; _builder_version=&#8220;4.26.0&#8243; _module_preset=&#8220;default&#8220; background_color=&#8220;#f9f9f3&#8243; custom_padding=&#8220;||0px||false|false&#8220; global_colors_info=&#8220;{}&#8220;][et_pb_row _builder_version=&#8220;4.21.0&#8243; _module_preset=&#8220;default&#8220; global_colors_info=&#8220;{}&#8220;][et_pb_column type=&#8220;4_4&#8243; _builder_version=&#8220;4.21.0&#8243; _module_preset=&#8220;default&#8220; global_colors_info=&#8220;{}&#8220;][et_pb_text _builder_version=&#8220;4.27.4&#8243; _module_preset=&#8220;default&#8220; text_font=&#8220;||||||||&#8220; text_font_size=&#8220;16px&#8220; link_font=&#8220;Raleway_lokal||||||||&#8220; link_text_color=&#8220;#d88a5e&#8220; header_font=&#8220;|||||on|||&#8220; header_text_color=&#8220;#607f83&#8243; header_3_font=&#8220;|300||||on|||&#8220; header_3_text_color=&#8220;#607f83&#8243; header_3_font_size=&#8220;28px&#8220; header_4_font=&#8220;||||||||&#8220; header_4_text_color=&#8220;#607f83&#8243; header_4_font_size=&#8220;20px&#8220; hover_enabled=&#8220;0&#8243; global_colors_info=&#8220;{}&#8220; header_3_font_size__hover_enabled=&#8220;off|desktop&#8220; sticky_enabled=&#8220;0&#8243;]<\/p>\n<h1>Widerrufsbelehrung<\/h1>\n<h2><\/h2>\n<h2>Widerrufsrecht f\u00fcr Verbraucher<\/h2>\n<p><em>Verbraucher ist jede nat\u00fcrliche Person, die ein Rechtsgesch\u00e4ft zu Zwecken abschlie\u00dft, die \u00fcberwiegend weder ihrer gewerblichen noch ihrer selbst\u00e4ndigen beruflichen T\u00e4tigkeit zugerechnet werden k\u00f6nnen.<\/em><\/p>\n<p><em><\/em><\/p>\n<p><strong><em>Hinweis: Das Widerrufsrecht gilt nicht f\u00fcr Sonderanfertigungen oder Auftragsarbeiten.<\/em><\/strong><em><\/em><\/p>\n<p><em><\/em><\/p>\n<p>Sie haben das Recht, binnen 14 Tagen ohne Angabe von Gr\u00fcnden diesen Vertrag zu widerrufen. Die Widerrufsfrist betr\u00e4gt 14 Tage ab dem Tag, an dem Sie oder ein von Ihnen benannter Dritter, der nicht der Bef\u00f6rderer ist, die Waren in Besitz genommen haben bzw. hat.<\/p>\n<p>Um Ihr Widerrufsrecht auszu\u00fcben, m\u00fcssen Sie uns (Julia James | jayjayma.de, Kleinhansdorfer Weg 9, 22949 Ammersbek, Telefon: +49 (0)4532 503 87 30, E-Mail: kontakt@jayjayma.de) mittels einer eindeutigen Erkl\u00e4rung (z. B. ein mit der Post versandter Brief oder eine E-Mail) \u00fcber Ihren Entschluss, diesen Vertrag zu widerrufen, informieren. Sie k\u00f6nnen daf\u00fcr das beigef\u00fcgte Muster-Widerrufsformular verwenden, das jedoch nicht vorgeschrieben ist.<\/p>\n<p>Zur Wahrung der Widerrufsfrist reicht es aus, dass Sie die Mitteilung \u00fcber die Aus\u00fcbung des Widerrufsrechts vor Ablauf der Widerrufsfrist absenden.<\/p>\n<h2>Folgen des Widerrufs<\/h2>\n<p>Wenn Sie diesen Vertrag widerrufen, haben wir Ihnen alle Zahlungen, die wir von Ihnen erhalten haben, einschlie\u00dflich der Lieferkosten (mit Ausnahme der zus\u00e4tzlichen Kosten, die sich daraus ergeben, dass Sie eine andere Art der Lieferung als die von uns angebotene, g\u00fcnstigste Standardlieferung gew\u00e4hlt haben), unverz\u00fcglich und sp\u00e4testens binnen vierzehn Tagen ab dem Tag zur\u00fcckzuzahlen, an dem die Mitteilung \u00fcber Ihren Widerruf dieses Vertrags bei uns eingegangen ist. F\u00fcr diese R\u00fcckzahlung verwenden wir dasselbe Zahlungsmittel, das Sie bei der urspr\u00fcnglichen Transaktion eingesetzt haben, es sei denn, mit Ihnen wurde ausdr\u00fccklich etwas anderes vereinbart; in keinem Fall werden Ihnen wegen dieser R\u00fcckzahlung Entgelte berechnet. Wir k\u00f6nnen die R\u00fcckzahlung verweigern, bis wir die Waren wieder zur\u00fcckerhalten haben.<\/p>\n<p>Sie haben die Waren unverz\u00fcglich und in jedem Fall sp\u00e4testens binnen vierzehn Tagen ab dem Tag, an dem Sie uns \u00fcber den Widerruf dieses Vertrags unterrichten, an uns zur\u00fcckzusenden oder zu \u00fcbergeben. Die Frist ist gewahrt, wenn Sie die Waren vor Ablauf der Frist von vierzehn Tagen absenden. Sie tragen die unmittelbaren Kosten der R\u00fccksendung der Waren. Sie\u00a0 m\u00fcssen f\u00fcr einen etwaigen Wertverlust der Waren nur aufkommen, wenn dieser Wertverlust auf einen zur Pr\u00fcfung der Beschaffenheit, Eigenschaften und Funktionsweise der Waren nicht notwendigen Umgang mit ihnen zur\u00fcckzuf\u00fchren ist.<\/p>\n<h2>Muster-Widerrufsformular<\/h2>\n<p>Wenn Sie den Vertrag widerrufen wollen, dann f\u00fcllen Sie bitte dieses Formular aus und senden Sie es zur\u00fcck.<\/p>\n<p>An<\/p>\n<p>Julia James | jayjayma.de<br \/>Kleinhansdorfer Weg 9<br \/>22949 Ammersbek<br \/>E-Mail: kontakt@jayjayma.de<\/p>\n<p>Hiermit widerrufe(n) ich\/wir den von mir\/uns abgeschlossenen Vertrag \u00fcber den Kauf der folgenden Waren (Bezeichnung, ggf. Bestellnummer und Preis):<\/p>\n<p>&#8230;&#8230;&#8230;&#8230;&#8230;&#8230;&#8230;&#8230;&#8230;&#8230;&#8230;&#8230;&#8230;&#8230;&#8230;&#8230;&#8230;&#8230;&#8230;&#8230;&#8230;&#8230;&#8230;&#8230;&#8230;&#8230;<\/p>\n<p>&#8230;&#8230;&#8230;&#8230;&#8230;&#8230;&#8230;&#8230;&#8230;&#8230;&#8230;&#8230;&#8230;&#8230;&#8230;&#8230;&#8230;&#8230;&#8230;&#8230;&#8230;&#8230;&#8230;&#8230;&#8230;&#8230;<\/p>\n<p>Bestellt am (Datum):<\/p>\n<p>&#8230;&#8230;&#8230;&#8230;&#8230;&#8230;&#8230;&#8230;&#8230;..<\/p>\n<p>Erhalten am (Datum):<\/p>\n<p>&#8230;&#8230;&#8230;&#8230;&#8230;&#8230;&#8230;&#8230;&#8230;..<\/p>\n<p>Name und Anschrift des Verbrauchers:<\/p>\n<p>&#8230;&#8230;&#8230;&#8230;&#8230;&#8230;&#8230;&#8230;&#8230;&#8230;&#8230;&#8230;&#8230;&#8230;&#8230;&#8230;&#8230;&#8230;&#8230;.<\/p>\n<p>&#8230;&#8230;&#8230;&#8230;&#8230;&#8230;&#8230;&#8230;&#8230;&#8230;&#8230;&#8230;&#8230;&#8230;&#8230;&#8230;&#8230;&#8230;&#8230;.<\/p>\n<p>&#8230;&#8230;&#8230;&#8230;&#8230;&#8230;&#8230;&#8230;&#8230;&#8230;&#8230;&#8230;&#8230;&#8230;&#8230;&#8230;&#8230;&#8230;&#8230;.<\/p>\n<p>Datum:<\/p>\n<p>&#8230;&#8230;&#8230;&#8230;&#8230;&#8230;&#8230;&#8230;&#8230;&#8230;&#8230;&#8230;&#8230;&#8230;&#8230;&#8230;&#8230;.<\/p>\n<p>Unterschrift Kunde (nur bei schriftlichem Widerruf):<\/p>\n<p>&#8230;&#8230;&#8230;&#8230;&#8230;&#8230;&#8230;&#8230;&#8230;&#8230;&#8230;&#8230;&#8230;&#8230;&#8230;&#8230;&#8230;.<\/p>\n<p>[\/et_pb_text][\/et_pb_column][\/et_pb_row][\/et_pb_section]<\/p>\n","protected":false},"excerpt":{"rendered":"<p>Widerrufsbelehrung F\u00fcr Ausnahmef\u00e4lle.Widerrufsbelehrung Widerrufsrecht f\u00fcr Verbraucher Verbraucher ist jede nat\u00fcrliche Person, die ein Rechtsgesch\u00e4ft zu Zwecken abschlie\u00dft, die \u00fcberwiegend weder ihrer gewerblichen noch ihrer selbst\u00e4ndigen beruflichen T\u00e4tigkeit zugerechnet werden k\u00f6nnen. Hinweis: Das Widerrufsrecht gilt nicht f\u00fcr Sonderanfertigungen oder Auftragsarbeiten. Sie haben das Recht, binnen 14 Tagen ohne Angabe von Gr\u00fcnden diesen Vertrag zu widerrufen. Die [&hellip;]<\/p>\n","protected":false},"author":1,"featured_media":0,"parent":0,"menu_order":0,"comment_status":"closed","ping_status":"closed","template":"","meta":{"_et_pb_use_builder":"on","_et_pb_old_content":"","_et_gb_content_width":"","_metis_text_type":"standard","_metis_text_length":6723,"_post_count":0,"footnotes":""},"class_list":["post-2137","page","type-page","status-publish","hentry"],"yoast_head":"<!-- This site is optimized with the Yoast SEO plugin v27.3 - https:\/\/yoast.com\/product\/yoast-seo-wordpress\/ -->\n<title>Widerrufsrecht - jayjayma.de<\/title>\n<meta name=\"robots\" content=\"index, follow, max-snippet:-1, max-image-preview:large, max-video-preview:-1\" \/>\n<link rel=\"canonical\" href=\"https:\/\/jayjayma.de\/en\/widerrufsrecht\/\" \/>\n<meta property=\"og:locale\" content=\"en_GB\" \/>\n<meta property=\"og:type\" content=\"article\" \/>\n<meta property=\"og:title\" content=\"Widerrufsrecht - jayjayma.de\" \/>\n<meta property=\"og:description\" content=\"Widerrufsbelehrung F\u00fcr Ausnahmef\u00e4lle.Widerrufsbelehrung Widerrufsrecht f\u00fcr Verbraucher Verbraucher ist jede nat\u00fcrliche Person, die ein Rechtsgesch\u00e4ft zu Zwecken abschlie\u00dft, die \u00fcberwiegend weder ihrer gewerblichen noch ihrer selbst\u00e4ndigen beruflichen T\u00e4tigkeit zugerechnet werden k\u00f6nnen. Hinweis: Das Widerrufsrecht gilt nicht f\u00fcr Sonderanfertigungen oder Auftragsarbeiten. Sie haben das Recht, binnen 14 Tagen ohne Angabe von Gr\u00fcnden diesen Vertrag zu widerrufen. Die [&hellip;]\" \/>\n<meta property=\"og:url\" content=\"https:\/\/jayjayma.de\/en\/widerrufsrecht\/\" \/>\n<meta property=\"og:site_name\" content=\"jayjayma.de\" \/>\n<meta property=\"article:modified_time\" content=\"2025-08-06T08:53:24+00:00\" \/>\n<meta name=\"twitter:card\" content=\"summary_large_image\" \/>\n<meta name=\"twitter:label1\" content=\"Estimated reading time\" \/>\n\t<meta name=\"twitter:data1\" content=\"4 minutes\" \/>\n<script type=\"application\/ld+json\" class=\"yoast-schema-graph\">{\"@context\":\"https:\\\/\\\/schema.org\",\"@graph\":[{\"@type\":\"WebPage\",\"@id\":\"https:\\\/\\\/jayjayma.de\\\/widerrufsrecht\\\/\",\"url\":\"https:\\\/\\\/jayjayma.de\\\/widerrufsrecht\\\/\",\"name\":\"Widerrufsrecht - jayjayma.de\",\"isPartOf\":{\"@id\":\"https:\\\/\\\/jayjayma.de\\\/#website\"},\"datePublished\":\"2025-01-08T16:58:19+00:00\",\"dateModified\":\"2025-08-06T08:53:24+00:00\",\"breadcrumb\":{\"@id\":\"https:\\\/\\\/jayjayma.de\\\/widerrufsrecht\\\/#breadcrumb\"},\"inLanguage\":\"en-GB\",\"potentialAction\":[{\"@type\":\"ReadAction\",\"target\":[\"https:\\\/\\\/jayjayma.de\\\/widerrufsrecht\\\/\"]}]},{\"@type\":\"BreadcrumbList\",\"@id\":\"https:\\\/\\\/jayjayma.de\\\/widerrufsrecht\\\/#breadcrumb\",\"itemListElement\":[{\"@type\":\"ListItem\",\"position\":1,\"name\":\"Home\",\"item\":\"https:\\\/\\\/jayjayma.de\\\/\"},{\"@type\":\"ListItem\",\"position\":2,\"name\":\"Widerrufsrecht\"}]},{\"@type\":\"WebSite\",\"@id\":\"https:\\\/\\\/jayjayma.de\\\/#website\",\"url\":\"https:\\\/\\\/jayjayma.de\\\/\",\"name\":\"jayjayma.de\",\"description\":\"arts and craft\",\"publisher\":{\"@id\":\"https:\\\/\\\/jayjayma.de\\\/#\\\/schema\\\/person\\\/e9210b912c40330c015ef249278e5649\"},\"potentialAction\":[{\"@type\":\"SearchAction\",\"target\":{\"@type\":\"EntryPoint\",\"urlTemplate\":\"https:\\\/\\\/jayjayma.de\\\/?s={search_term_string}\"},\"query-input\":{\"@type\":\"PropertyValueSpecification\",\"valueRequired\":true,\"valueName\":\"search_term_string\"}}],\"inLanguage\":\"en-GB\"},{\"@type\":[\"Person\",\"Organization\"],\"@id\":\"https:\\\/\\\/jayjayma.de\\\/#\\\/schema\\\/person\\\/e9210b912c40330c015ef249278e5649\",\"name\":\"Julia James\",\"image\":{\"@type\":\"ImageObject\",\"inLanguage\":\"en-GB\",\"@id\":\"https:\\\/\\\/jayjayma.de\\\/wp-content\\\/uploads\\\/2025\\\/04\\\/jayjaysdots_dunkel.png\",\"url\":\"https:\\\/\\\/jayjayma.de\\\/wp-content\\\/uploads\\\/2025\\\/04\\\/jayjaysdots_dunkel.png\",\"contentUrl\":\"https:\\\/\\\/jayjayma.de\\\/wp-content\\\/uploads\\\/2025\\\/04\\\/jayjaysdots_dunkel.png\",\"width\":500,\"height\":500,\"caption\":\"Julia James\"},\"logo\":{\"@id\":\"https:\\\/\\\/jayjayma.de\\\/wp-content\\\/uploads\\\/2025\\\/04\\\/jayjaysdots_dunkel.png\"},\"description\":\"Die Mandala-K\u00fcnstlerin und Workshop-Leiterin verbindet Kreativit\u00e4t mit Achtsamkeit und inspiriert andere, durch das Betrachten und Malen von Mandalas innere Ruhe und Balance zu finden.\",\"sameAs\":[\"https:\\\/\\\/jayjayma.de\",\"https:\\\/\\\/www.instagram.com\\\/jayjaysdots\\\/\"]}]}<\/script>\n<!-- \/ Yoast SEO plugin. -->","yoast_head_json":{"title":"Widerrufsrecht - jayjayma.de","robots":{"index":"index","follow":"follow","max-snippet":"max-snippet:-1","max-image-preview":"max-image-preview:large","max-video-preview":"max-video-preview:-1"},"canonical":"https:\/\/jayjayma.de\/en\/widerrufsrecht\/","og_locale":"en_GB","og_type":"article","og_title":"Widerrufsrecht - jayjayma.de","og_description":"Widerrufsbelehrung F\u00fcr Ausnahmef\u00e4lle.Widerrufsbelehrung Widerrufsrecht f\u00fcr Verbraucher Verbraucher ist jede nat\u00fcrliche Person, die ein Rechtsgesch\u00e4ft zu Zwecken abschlie\u00dft, die \u00fcberwiegend weder ihrer gewerblichen noch ihrer selbst\u00e4ndigen beruflichen T\u00e4tigkeit zugerechnet werden k\u00f6nnen. Hinweis: Das Widerrufsrecht gilt nicht f\u00fcr Sonderanfertigungen oder Auftragsarbeiten. Sie haben das Recht, binnen 14 Tagen ohne Angabe von Gr\u00fcnden diesen Vertrag zu widerrufen. Die [&hellip;]","og_url":"https:\/\/jayjayma.de\/en\/widerrufsrecht\/","og_site_name":"jayjayma.de","article_modified_time":"2025-08-06T08:53:24+00:00","twitter_card":"summary_large_image","twitter_misc":{"Estimated reading time":"4 minutes"},"schema":{"@context":"https:\/\/schema.org","@graph":[{"@type":"WebPage","@id":"https:\/\/jayjayma.de\/widerrufsrecht\/","url":"https:\/\/jayjayma.de\/widerrufsrecht\/","name":"Widerrufsrecht - jayjayma.de","isPartOf":{"@id":"https:\/\/jayjayma.de\/#website"},"datePublished":"2025-01-08T16:58:19+00:00","dateModified":"2025-08-06T08:53:24+00:00","breadcrumb":{"@id":"https:\/\/jayjayma.de\/widerrufsrecht\/#breadcrumb"},"inLanguage":"en-GB","potentialAction":[{"@type":"ReadAction","target":["https:\/\/jayjayma.de\/widerrufsrecht\/"]}]},{"@type":"BreadcrumbList","@id":"https:\/\/jayjayma.de\/widerrufsrecht\/#breadcrumb","itemListElement":[{"@type":"ListItem","position":1,"name":"Home","item":"https:\/\/jayjayma.de\/"},{"@type":"ListItem","position":2,"name":"Widerrufsrecht"}]},{"@type":"WebSite","@id":"https:\/\/jayjayma.de\/#website","url":"https:\/\/jayjayma.de\/","name":"jayjayma.de","description":"arts and craft","publisher":{"@id":"https:\/\/jayjayma.de\/#\/schema\/person\/e9210b912c40330c015ef249278e5649"},"potentialAction":[{"@type":"SearchAction","target":{"@type":"EntryPoint","urlTemplate":"https:\/\/jayjayma.de\/?s={search_term_string}"},"query-input":{"@type":"PropertyValueSpecification","valueRequired":true,"valueName":"search_term_string"}}],"inLanguage":"en-GB"},{"@type":["Person","Organization"],"@id":"https:\/\/jayjayma.de\/#\/schema\/person\/e9210b912c40330c015ef249278e5649","name":"Julia James","image":{"@type":"ImageObject","inLanguage":"en-GB","@id":"https:\/\/jayjayma.de\/wp-content\/uploads\/2025\/04\/jayjaysdots_dunkel.png","url":"https:\/\/jayjayma.de\/wp-content\/uploads\/2025\/04\/jayjaysdots_dunkel.png","contentUrl":"https:\/\/jayjayma.de\/wp-content\/uploads\/2025\/04\/jayjaysdots_dunkel.png","width":500,"height":500,"caption":"Julia James"},"logo":{"@id":"https:\/\/jayjayma.de\/wp-content\/uploads\/2025\/04\/jayjaysdots_dunkel.png"},"description":"The mandala artist and workshop host combines creativity with mindfulness and inspires others to find inner peace and balance by looking at and painting mandalas.","sameAs":["https:\/\/jayjayma.de","https:\/\/www.instagram.com\/jayjaysdots\/"]}]}},"_links":{"self":[{"href":"https:\/\/jayjayma.de\/en\/wp-json\/wp\/v2\/pages\/2137","targetHints":{"allow":["GET"]}}],"collection":[{"href":"https:\/\/jayjayma.de\/en\/wp-json\/wp\/v2\/pages"}],"about":[{"href":"https:\/\/jayjayma.de\/en\/wp-json\/wp\/v2\/types\/page"}],"author":[{"embeddable":true,"href":"https:\/\/jayjayma.de\/en\/wp-json\/wp\/v2\/users\/1"}],"replies":[{"embeddable":true,"href":"https:\/\/jayjayma.de\/en\/wp-json\/wp\/v2\/comments?post=2137"}],"version-history":[{"count":10,"href":"https:\/\/jayjayma.de\/en\/wp-json\/wp\/v2\/pages\/2137\/revisions"}],"predecessor-version":[{"id":3507,"href":"https:\/\/jayjayma.de\/en\/wp-json\/wp\/v2\/pages\/2137\/revisions\/3507"}],"wp:attachment":[{"href":"https:\/\/jayjayma.de\/en\/wp-json\/wp\/v2\/media?parent=2137"}],"curies":[{"name":"wp","href":"https:\/\/api.w.org\/{rel}","templated":true}]}}