{"id":2148,"date":"2025-01-08T19:08:51","date_gmt":"2025-01-08T18:08:51","guid":{"rendered":"https:\/\/jayjayma.de\/?page_id=2148"},"modified":"2025-08-06T10:57:31","modified_gmt":"2025-08-06T08:57:31","slug":"agb","status":"publish","type":"page","link":"https:\/\/jayjayma.de\/en\/agb\/","title":{"rendered":"Terms &amp; Conditions"},"content":{"rendered":"<p>[et_pb_section fb_built=&#8220;1&#8243; _builder_version=&#8220;4.26.0&#8243; _module_preset=&#8220;default&#8220; background_color=&#8220;#607f83&#8243; global_colors_info=&#8220;{}&#8220;][et_pb_row _builder_version=&#8220;4.21.0&#8243; _module_preset=&#8220;default&#8220; global_colors_info=&#8220;{}&#8220;][et_pb_column type=&#8220;4_4&#8243; _builder_version=&#8220;4.21.0&#8243; _module_preset=&#8220;default&#8220; global_colors_info=&#8220;{}&#8220;][et_pb_text _builder_version=&#8220;4.27.4&#8243; _module_preset=&#8220;default&#8220; text_font=&#8220;|300||on|||||&#8220; text_text_color=&#8220;#FFFFFF&#8220; text_font_size=&#8220;40px&#8220; header_font=&#8220;|||on|||||&#8220; header_text_color=&#8220;#FFFFFF&#8220; header_font_size=&#8220;58px&#8220; text_font_size_tablet=&#8220;30px&#8220; text_font_size_phone=&#8220;30px&#8220; text_font_size_last_edited=&#8220;on|desktop&#8220; header_font_size_tablet=&#8220;36px&#8220; header_font_size_phone=&#8220;36px&#8220; header_font_size_last_edited=&#8220;on|desktop&#8220; global_colors_info=&#8220;{}&#8220;]<\/p>\n<h1><span>Allgemeine Gesch\u00e4ftsbedingungen<br \/><\/span><\/h1>\n<p><span>F\u00fcr ein gutes Miteinander.<\/span><\/p>\n<p>[\/et_pb_text][\/et_pb_column][\/et_pb_row][\/et_pb_section][et_pb_section fb_built=&#8220;1&#8243; _builder_version=&#8220;4.26.0&#8243; _module_preset=&#8220;default&#8220; background_color=&#8220;#f9f9f3&#8243; custom_padding=&#8220;||0px||false|false&#8220; global_colors_info=&#8220;{}&#8220;][et_pb_row _builder_version=&#8220;4.21.0&#8243; _module_preset=&#8220;default&#8220; global_colors_info=&#8220;{}&#8220;][et_pb_column type=&#8220;4_4&#8243; _builder_version=&#8220;4.21.0&#8243; _module_preset=&#8220;default&#8220; global_colors_info=&#8220;{}&#8220;][et_pb_text _builder_version=&#8220;4.27.4&#8243; _module_preset=&#8220;default&#8220; text_font=&#8220;||||||||&#8220; text_font_size=&#8220;16px&#8220; link_font=&#8220;Raleway_lokal||||||||&#8220; link_text_color=&#8220;#d88a5e&#8220; header_font=&#8220;|||||on|||&#8220; header_text_color=&#8220;#607f83&#8243; header_3_font=&#8220;|300||||on|||&#8220; header_3_text_color=&#8220;#607f83&#8243; header_3_font_size=&#8220;28px&#8220; header_4_font=&#8220;||||||||&#8220; header_4_text_color=&#8220;#607f83&#8243; header_4_font_size=&#8220;20px&#8220; hover_enabled=&#8220;0&#8243; global_colors_info=&#8220;{}&#8220; header_3_font_size__hover_enabled=&#8220;off|desktop&#8220; sticky_enabled=&#8220;0&#8243;]<\/p>\n<h1>Allgemeine Gesch\u00e4ftsbedingungen<\/h1>\n<p>&nbsp;<\/p>\n<p>f\u00fcr den Online-Shop unter der URL<\/p>\n<p><a href=\"https:\/\/www.jayjayma.de\/shop\">https:\/\/www.jayjayma.de\/shop<\/a><\/p>\n<p>betrieben von<\/p>\n<p>&nbsp;<\/p>\n<p>Julia James | jayjayma.de<\/p>\n<p>Kleinhansdorfer Weg 9<\/p>\n<p>22949 Ammersbek<\/p>\n<p>E-Mail: kontakt(at)jayjayma.de<\/p>\n<p>&nbsp;<\/p>\n<p>&#8211; im Folgenden: Anbieter &#8211;<\/p>\n<p>&nbsp;<\/p>\n<h2>1. Geltungsbereich<\/h2>\n<p>Diese Allgemeinen Gesch\u00e4ftsbedingungen (AGB) gelten nach ihrer Einbeziehung f\u00fcr alle Vertragsschl\u00fcsse \u00fcber den Erwerb von Waren, Dienstleistungen oder sonstigen G\u00fctern (nachfolgend \u201eWaren\u201c) im Online-Shop unter der o.g. URL in ihrer zum Zeitpunkt des Vertragsschlusses g\u00fcltigen Fassung. Diese AGB gelten ausschlie\u00dflich. Abweichende AGB des Kunden werden nicht Vertragsbestandteil, es sei denn, der Anbieter stimmt diesen ausdr\u00fccklich zu.<\/p>\n<h2>2. Vertragsschluss<\/h2>\n<p>2.1 Die Angebote im Online-Shop stellen eine unverbindliche Aufforderung des Anbieters an die Online-Shop-Besucher zur Abgabe eines Angebots zum Erwerb der im Shop angebotenen Waren dar.<\/p>\n<p>2.2 Die Bestellung der Ware(n) erfolgt \u00fcber das Online-Bestellformular des Anbieters. Nach der Auswahl der gew\u00fcnschten Ware(n), der Eingabe aller abgefragten Pflichtinformationen und dem Durchlaufen aller anderen verpflichtenden Schritte im Bestellprozess, k\u00f6nnen die ausgew\u00e4hlten Waren durch das Bet\u00e4tigen des Bestell-Buttons am Ende der Checkout-Seite bestellt werden (Bestellung). Durch die Bestellung gibt der Kunde ein verbindliches Vertragsangebot zum Erwerb der ausgew\u00e4hlten Ware(n) ab. Der Vertragsschluss erfolgt, indem der Anbieter das Angebot des Kunden annimmt. Die Annahme erfolgt, indem der Anbieter den Vertragsschluss in Schrift- oder Textform (z.\u00a0B. per E-Mail) best\u00e4tigt (Auftragsbest\u00e4tigung) und diese Auftragsbest\u00e4tigung dem Kunden zugeht oder indem er die bestellte Ware liefert und diese Ware dem Kunden zugeht oder indem er den Kunden zur Zahlung auffordert (z.\u00a0B. Rechnung oder Kreditkartenzahlung im Bestellprozess) und die Zahlungsaufforderung dem Kunden zugeht; ma\u00dfgeblich f\u00fcr den Zeitpunkt des Vertragsschlusses ist dabei der Zeitpunkt, in dem eine der im ersten Halbsatz genannten Alternativen erstmalig eintritt.<\/p>\n<p>2.3 Vor verbindlicher Abgabe der Bestellung \u00fcber das Online-Bestellformular des Anbieters kann der Kunde seine Eingaben \u00fcberpr\u00fcfen und jederzeit \u00fcber die \u00fcblichen Tastatur-, Maus-, Touch- oder sonstigen zur Verf\u00fcgung stehenden Eingabefunktionen korrigieren. Dar\u00fcber hinaus werden alle Eingaben vor der verbindlichen Abgabe der Bestellung noch einmal in einem Best\u00e4tigungsfenster angezeigt und k\u00f6nnen auch dort mittels der \u00fcblichen Tastatur-, Maus-, Touch- oder sonstigen zur Verf\u00fcgung stehende Eingabefunktionen korrigiert werden.<\/p>\n<p>2.4 Der Anbieter wird den Vertragstext nach dem Vertragsschluss speichern und dem Kunden in Textform (z.\u00a0B. per E-Mail) \u00fcbermitteln. Eine dar\u00fcberhinausgehende Zug\u00e4nglichmachung des Vertragstexts durch den Anbieter erfolgt nicht.<\/p>\n<p>2.5 F\u00fcr den Vertragsschluss stehen folgende Sprachen zur Verf\u00fcgung: Deutsch, Englisch<\/p>\n<h2>3. Widerrufsrecht f\u00fcr Verbraucher<\/h2>\n<p>Verbrauchern steht bei au\u00dferhalb von Gesch\u00e4ftsr\u00e4umen geschlossenen Vertr\u00e4gen und bei Fernabsatzvertr\u00e4gen grunds\u00e4tzlich ein Widerrufsrecht zu. Verbraucher ist jede nat\u00fcrliche Person, die ein Rechtsgesch\u00e4ft zu Zwecken abschlie\u00dft, die \u00fcberwiegend weder ihrer gewerblichen noch ihrer selbstst\u00e4ndigen beruflichen T\u00e4tigkeit zugerechnet werden k\u00f6nnen. Details sind der Widerrufsbelehrung zu entnehmen, die jedem Verbraucher sp\u00e4testens unmittelbar vor Vertragsschluss zur Verf\u00fcgung gestellt wird.<\/p>\n<h2>4. Zahlung, Verzug<\/h2>\n<p>4.1 Es gelten die zum Zeitpunkt der Bestellung im Online-Shop aufgef\u00fchrten Preise. Alle Preise gelten inklusive der gesetzlichen Mehrwertsteuer sowie zuz\u00fcglich der gegebenenfalls aufgef\u00fchrten Versandkosten. \u00dcber die zur Verf\u00fcgung stehenden Zahlungsm\u00f6glichkeiten wird der Kunde im Online-Shop des Anbieters informiert.<\/p>\n<p>4.2 Ist \u201eVorkasse\u201c vereinbart wird der Kaufpreis sofort nach Vertragsabschluss f\u00e4llig.<\/p>\n<p>4.3 Ist \u201eKauf auf Rechnung\/Rechnungskauf\u201c vereinbart, ist die Zahlung sofort nach Vertragsabschluss f\u00e4llig, es sei denn, dass in der Rechnung oder im Kaufprozess ein anderes Zahlungsziel angegeben wurde.<\/p>\n<p>4.4 Ist \u201eSEPA-Lastschrift\u201c vereinbart, ist die Zahlung sofort nach Vertragsabschluss f\u00e4llig. Vor der Abbuchung des Kaufpreises wird der Kunde dar\u00fcber informiert, wann er mit der Abbuchung des vereinbarten Kaufpreises zu rechnen hat (Pre-Notification). Die Lastschrift-Abbuchung erfolgt nicht vor Zugang dieser Pre-Notification und nicht vor der in der Pre-Notification genannten Frist. Sofern die Lastschrift aufgrund mangelnder Kontodeckung, der Angabe einer falschen Bankverbindung oder aus sonstigen, vom Kunden zu vertretenden Gr\u00fcnden, scheitert, tr\u00e4gt der Kunde die ggf. anfallenden R\u00fcckbuchungsgeb\u00fchren, sofern er das Scheitern der Lastschrift zu vertreten hat.<\/p>\n<p>4.5 Ist Zahlung per Kredit- oder Debitkarte vereinbart, wird der Kaufpreis sofort nach Vertragsschluss f\u00e4llig.<\/p>\n<p>4.6 Ist die Zahlung via \u201ePayPal\u201c vereinbart, wird der Kaufpreis sofort nach Vertragsabschluss f\u00e4llig. Die Zahlungsabwicklung erfolgt \u00fcber den Zahlungsdienstleister PayPal (Europe) S.\u00e0 r.l. et Cie, S.C.A., 22-24 Boulevard Royal, L-2449 Luxembourg.<\/p>\n<p>4.7 Ist \u201eSofort\u00fcberweisung\u201c vereinbart, wird der Kaufpreis sofort nach Vertragsschluss f\u00e4llig. Die Zahlungsabwicklung erfolgt \u00fcber die Sofort GmbH, Theresienh\u00f6he 12, 80339 M\u00fcnchen.<\/p>\n<p>4.8 Ist Giropay vereinbart, wird der Kaufpreis sofort nach Vertragsabschluss f\u00e4llig. Die Zahlungsabwicklung erfolgt \u00fcber die paydirect GmbH, Stephanstr. 14-16, 60313 Frankfurt am Main.<\/p>\n<h2>5. Eigentumsvorbehalt<\/h2>\n<p>Die gekaufte Ware bleibt bis zur vollst\u00e4ndigen Bezahlung des Kaufpreises Eigentum des Anbieters.<\/p>\n<h2>6. Lieferung und Selbstbelieferungsvorbehalt<\/h2>\n<p>6.1 Vorbehaltlich abweichender Vereinbarungen erfolgt die Lieferung innerhalb der im Online-Shop angegebenen Lieferzeit an die vom Kunden angegebene Lieferadresse. Die geltenden Lieferzeiten sind dem Online-Shop zu entnehmen.<\/p>\n<p>6.2 Eine Selbstabholung der erworbenen Waren ist ausgeschlossen.<\/p>\n<p>6.3 Wenn der Anbieter die bestellte Ware nicht liefern kann, weil er ohne eigenes Verschulden selbst nicht beliefert wurde, obwohl er rechtzeitig mit einem zuverl\u00e4ssigen Lieferanten ein kongruentes Deckungsgesch\u00e4ft abgeschlossen hat, wird der Anbieter von seiner Leistungspflicht frei und kann vom Vertrag zur\u00fccktreten. Der Anbieter ist verpflichtet, den Kunden unverz\u00fcglich \u00fcber die Unm\u00f6glichkeit der Leistungserf\u00fcllung in Kenntnis zu setzen. Bereits erbrachte Gegenleistungen des Vertragspartners werden diesem unverz\u00fcglich erstattet. Zwingendes Verbraucherrecht bleibt vom vorliegenden Absatz unber\u00fchrt.<\/p>\n<h2>7. Gew\u00e4hrleistung<\/h2>\n<p>Es gelten die Vorschriften der gesetzlichen M\u00e4ngelhaftung.<\/p>\n<h2>8. Haftung<\/h2>\n<p>8.1 Der Anbieter haftet unbeschr\u00e4nkt:<\/p>\n<ul>\n<li>f\u00fcr Sch\u00e4den aus der Verletzung des Lebens, des K\u00f6rpers oder der Gesundheit, die auf einer vors\u00e4tzlichen oder fahrl\u00e4ssigen Pflichtverletzung des Anbieters oder einer vors\u00e4tzlichen oder fahrl\u00e4ssigen Pflichtverletzung eines gesetzlichen Vertreters oder Erf\u00fcllungsgehilfen des Anbieters beruhen;<\/li>\n<li>f\u00fcr Sch\u00e4den, die auf einer vors\u00e4tzlichen oder grob fahrl\u00e4ssigen Pflichtverletzung des Anbieters oder auf einer vors\u00e4tzlichen oder grob fahrl\u00e4ssigen Pflichtverletzung eines gesetzlichen Vertreters oder Erf\u00fcllungsgehilfen des Anbieters beruhen;<\/li>\n<li>aufgrund eines Garantieversprechens, soweit diesbez\u00fcglich keine andere Regelung getroffen wurde;<\/li>\n<li>aufgrund zwingender Haftung (z.\u00a0B. nach dem Produkthaftungsgesetz)<\/li>\n<\/ul>\n<p>8.2 Wenn der Anbieter fahrl\u00e4ssig eine wesentliche Vertragspflicht verletzt, ist dessen Haftung auf den vertragstypischen, vorhersehbaren Schaden beschr\u00e4nkt, sofern nicht gem\u00e4\u00df vorstehendem Absatz unbeschr\u00e4nkt gehaftet wird. Wesentliche Vertragspflichten sind Pflichten, die der Vertrag dem Anbieter nach seinem Inhalt zur Erreichung des Vertragszwecks auferlegt, deren Erf\u00fcllung die ordnungsgem\u00e4\u00dfe Durchf\u00fchrung des Vertrags \u00fcberhaupt erst erm\u00f6glicht und auf deren Einhaltung der Kunde regelm\u00e4\u00dfig vertrauen darf.<\/p>\n<p>8.3 Im \u00dcbrigen ist eine Haftung des Anbieters sowie die Haftung seiner Erf\u00fcllungsgehilfen und gesetzlichen Vertreter ausgeschlossen.<\/p>\n<h2>9. Datenschutz<\/h2>\n<p>Der Anbieter behandelt die personenbezogenen Daten seiner Kunden vertraulich und im Einklang mit den gesetzlichen Datenschutzvorschriften. N\u00e4heres entnehmen Sie der Datenschutzerkl\u00e4rung des Anbieters.<\/p>\n<h2>10. Schlussbestimmungen<\/h2>\n<p>10.1 Anwendbar ist das Recht der Bundesrepublik Deutschland unter Ausschluss des UN-Kaufrechts, soweit diese Rechtswahl nicht dazu f\u00fchrt, dass ein Verbraucher mit gew\u00f6hnlichem Aufenthalt in der EU hierdurch zwingenden gesetzlichen Bestimmungen des Rechts seines Aufenthaltsstaates entzogen wird.<\/p>\n<p>10.2 Ist der Kunde Kaufmann, juristische Person des \u00f6ffentlichen Rechts oder \u00f6ffentlich-rechtliches Sonderverm\u00f6gen, ist das Gericht am Sitz des Anbieters zust\u00e4ndig, sofern nicht f\u00fcr die Streitigkeit ein ausschlie\u00dflicher Gerichtsstand begr\u00fcndet ist. Dies gilt auch, wenn der Kunde keinen Wohnsitz innerhalb der Europ\u00e4ischen Union hat. Der Sitz unseres Unternehmens ist der \u00dcberschrift dieser AGB zu entnehmen.<\/p>\n<p>10.3 Soweit eine Bestimmung dieses Vertrages ung\u00fcltig oder undurchsetzbar ist oder wird, bleiben die \u00fcbrigen Bestimmungen dieses Vertrages hiervon unber\u00fchrt.<\/p>\n<h2>11. Informationen zur Online-Streitbeilegung \/ Verbraucherschlichtung<\/h2>\n<p>Der Anbieter ist nicht bereit oder verpflichtet, an Streitbeilegungsverfahren vor einer Verbraucherschlichtungsstelle teilzunehmen.<\/p>\n<p>Unsere E-Mail-Adresse entnehmen Sie der \u00dcberschrift dieser AGB.<\/p>\n<p>[\/et_pb_text][\/et_pb_column][\/et_pb_row][\/et_pb_section]<\/p>\n","protected":false},"excerpt":{"rendered":"<p>Allgemeine Gesch\u00e4ftsbedingungen F\u00fcr ein gutes Miteinander.Allgemeine Gesch\u00e4ftsbedingungen &nbsp; f\u00fcr den Online-Shop unter der URL https:\/\/www.jayjayma.de\/shop betrieben von &nbsp; Julia James | jayjayma.de Kleinhansdorfer Weg 9 22949 Ammersbek E-Mail: kontakt(at)jayjayma.de &nbsp; &#8211; im Folgenden: Anbieter &#8211; &nbsp; 1. Geltungsbereich Diese Allgemeinen Gesch\u00e4ftsbedingungen (AGB) gelten nach ihrer Einbeziehung f\u00fcr alle Vertragsschl\u00fcsse \u00fcber den Erwerb von Waren, Dienstleistungen [&hellip;]<\/p>\n","protected":false},"author":1,"featured_media":0,"parent":0,"menu_order":0,"comment_status":"closed","ping_status":"closed","template":"","meta":{"_et_pb_use_builder":"on","_et_pb_old_content":"","_et_gb_content_width":"","_metis_text_type":"standard","_metis_text_length":11837,"_post_count":0,"footnotes":""},"class_list":["post-2148","page","type-page","status-publish","hentry"],"yoast_head":"<!-- This site is optimized with the Yoast SEO plugin v27.4 - https:\/\/yoast.com\/product\/yoast-seo-wordpress\/ -->\n<title>AGB - jayjayma.de<\/title>\n<meta name=\"robots\" content=\"index, follow, max-snippet:-1, max-image-preview:large, max-video-preview:-1\" \/>\n<link rel=\"canonical\" href=\"https:\/\/jayjayma.de\/en\/agb\/\" \/>\n<meta property=\"og:locale\" content=\"en_GB\" \/>\n<meta property=\"og:type\" content=\"article\" \/>\n<meta property=\"og:title\" content=\"AGB - jayjayma.de\" \/>\n<meta property=\"og:description\" content=\"Allgemeine Gesch\u00e4ftsbedingungen F\u00fcr ein gutes Miteinander.Allgemeine Gesch\u00e4ftsbedingungen &nbsp; f\u00fcr den Online-Shop unter der URL https:\/\/www.jayjayma.de\/shop betrieben von &nbsp; Julia James | jayjayma.de Kleinhansdorfer Weg 9 22949 Ammersbek E-Mail: kontakt(at)jayjayma.de &nbsp; - im Folgenden: Anbieter - &nbsp; 1. Geltungsbereich Diese Allgemeinen Gesch\u00e4ftsbedingungen (AGB) gelten nach ihrer Einbeziehung f\u00fcr alle Vertragsschl\u00fcsse \u00fcber den Erwerb von Waren, Dienstleistungen [&hellip;]\" \/>\n<meta property=\"og:url\" content=\"https:\/\/jayjayma.de\/en\/agb\/\" \/>\n<meta property=\"og:site_name\" content=\"jayjayma.de\" \/>\n<meta property=\"article:modified_time\" content=\"2025-08-06T08:57:31+00:00\" \/>\n<meta name=\"twitter:card\" content=\"summary_large_image\" \/>\n<meta name=\"twitter:label1\" content=\"Estimated reading time\" \/>\n\t<meta name=\"twitter:data1\" content=\"8 minutes\" \/>\n<script type=\"application\/ld+json\" class=\"yoast-schema-graph\">{\"@context\":\"https:\\\/\\\/schema.org\",\"@graph\":[{\"@type\":\"WebPage\",\"@id\":\"https:\\\/\\\/jayjayma.de\\\/agb\\\/\",\"url\":\"https:\\\/\\\/jayjayma.de\\\/agb\\\/\",\"name\":\"AGB - jayjayma.de\",\"isPartOf\":{\"@id\":\"https:\\\/\\\/jayjayma.de\\\/#website\"},\"datePublished\":\"2025-01-08T18:08:51+00:00\",\"dateModified\":\"2025-08-06T08:57:31+00:00\",\"breadcrumb\":{\"@id\":\"https:\\\/\\\/jayjayma.de\\\/agb\\\/#breadcrumb\"},\"inLanguage\":\"en-GB\",\"potentialAction\":[{\"@type\":\"ReadAction\",\"target\":[\"https:\\\/\\\/jayjayma.de\\\/agb\\\/\"]}]},{\"@type\":\"BreadcrumbList\",\"@id\":\"https:\\\/\\\/jayjayma.de\\\/agb\\\/#breadcrumb\",\"itemListElement\":[{\"@type\":\"ListItem\",\"position\":1,\"name\":\"Home\",\"item\":\"https:\\\/\\\/jayjayma.de\\\/\"},{\"@type\":\"ListItem\",\"position\":2,\"name\":\"AGB\"}]},{\"@type\":\"WebSite\",\"@id\":\"https:\\\/\\\/jayjayma.de\\\/#website\",\"url\":\"https:\\\/\\\/jayjayma.de\\\/\",\"name\":\"jayjayma.de\",\"description\":\"arts and craft\",\"publisher\":{\"@id\":\"https:\\\/\\\/jayjayma.de\\\/#\\\/schema\\\/person\\\/e9210b912c40330c015ef249278e5649\"},\"potentialAction\":[{\"@type\":\"SearchAction\",\"target\":{\"@type\":\"EntryPoint\",\"urlTemplate\":\"https:\\\/\\\/jayjayma.de\\\/?s={search_term_string}\"},\"query-input\":{\"@type\":\"PropertyValueSpecification\",\"valueRequired\":true,\"valueName\":\"search_term_string\"}}],\"inLanguage\":\"en-GB\"},{\"@type\":[\"Person\",\"Organization\"],\"@id\":\"https:\\\/\\\/jayjayma.de\\\/#\\\/schema\\\/person\\\/e9210b912c40330c015ef249278e5649\",\"name\":\"Julia James\",\"image\":{\"@type\":\"ImageObject\",\"inLanguage\":\"en-GB\",\"@id\":\"https:\\\/\\\/jayjayma.de\\\/wp-content\\\/uploads\\\/2025\\\/04\\\/jayjaysdots_dunkel.png\",\"url\":\"https:\\\/\\\/jayjayma.de\\\/wp-content\\\/uploads\\\/2025\\\/04\\\/jayjaysdots_dunkel.png\",\"contentUrl\":\"https:\\\/\\\/jayjayma.de\\\/wp-content\\\/uploads\\\/2025\\\/04\\\/jayjaysdots_dunkel.png\",\"width\":500,\"height\":500,\"caption\":\"Julia James\"},\"logo\":{\"@id\":\"https:\\\/\\\/jayjayma.de\\\/wp-content\\\/uploads\\\/2025\\\/04\\\/jayjaysdots_dunkel.png\"},\"description\":\"Die Mandala-K\u00fcnstlerin und Workshop-Leiterin verbindet Kreativit\u00e4t mit Achtsamkeit und inspiriert andere, durch das Betrachten und Malen von Mandalas innere Ruhe und Balance zu finden.\",\"sameAs\":[\"https:\\\/\\\/jayjayma.de\",\"https:\\\/\\\/www.instagram.com\\\/jayjaysdots\\\/\"]}]}<\/script>\n<!-- \/ Yoast SEO plugin. -->","yoast_head_json":{"title":"AGB - jayjayma.de","robots":{"index":"index","follow":"follow","max-snippet":"max-snippet:-1","max-image-preview":"max-image-preview:large","max-video-preview":"max-video-preview:-1"},"canonical":"https:\/\/jayjayma.de\/en\/agb\/","og_locale":"en_GB","og_type":"article","og_title":"AGB - jayjayma.de","og_description":"Allgemeine Gesch\u00e4ftsbedingungen F\u00fcr ein gutes Miteinander.Allgemeine Gesch\u00e4ftsbedingungen &nbsp; f\u00fcr den Online-Shop unter der URL https:\/\/www.jayjayma.de\/shop betrieben von &nbsp; Julia James | jayjayma.de Kleinhansdorfer Weg 9 22949 Ammersbek E-Mail: kontakt(at)jayjayma.de &nbsp; - im Folgenden: Anbieter - &nbsp; 1. Geltungsbereich Diese Allgemeinen Gesch\u00e4ftsbedingungen (AGB) gelten nach ihrer Einbeziehung f\u00fcr alle Vertragsschl\u00fcsse \u00fcber den Erwerb von Waren, Dienstleistungen [&hellip;]","og_url":"https:\/\/jayjayma.de\/en\/agb\/","og_site_name":"jayjayma.de","article_modified_time":"2025-08-06T08:57:31+00:00","twitter_card":"summary_large_image","twitter_misc":{"Estimated reading time":"8 minutes"},"schema":{"@context":"https:\/\/schema.org","@graph":[{"@type":"WebPage","@id":"https:\/\/jayjayma.de\/agb\/","url":"https:\/\/jayjayma.de\/agb\/","name":"AGB - jayjayma.de","isPartOf":{"@id":"https:\/\/jayjayma.de\/#website"},"datePublished":"2025-01-08T18:08:51+00:00","dateModified":"2025-08-06T08:57:31+00:00","breadcrumb":{"@id":"https:\/\/jayjayma.de\/agb\/#breadcrumb"},"inLanguage":"en-GB","potentialAction":[{"@type":"ReadAction","target":["https:\/\/jayjayma.de\/agb\/"]}]},{"@type":"BreadcrumbList","@id":"https:\/\/jayjayma.de\/agb\/#breadcrumb","itemListElement":[{"@type":"ListItem","position":1,"name":"Home","item":"https:\/\/jayjayma.de\/"},{"@type":"ListItem","position":2,"name":"AGB"}]},{"@type":"WebSite","@id":"https:\/\/jayjayma.de\/#website","url":"https:\/\/jayjayma.de\/","name":"jayjayma.de","description":"arts and craft","publisher":{"@id":"https:\/\/jayjayma.de\/#\/schema\/person\/e9210b912c40330c015ef249278e5649"},"potentialAction":[{"@type":"SearchAction","target":{"@type":"EntryPoint","urlTemplate":"https:\/\/jayjayma.de\/?s={search_term_string}"},"query-input":{"@type":"PropertyValueSpecification","valueRequired":true,"valueName":"search_term_string"}}],"inLanguage":"en-GB"},{"@type":["Person","Organization"],"@id":"https:\/\/jayjayma.de\/#\/schema\/person\/e9210b912c40330c015ef249278e5649","name":"Julia James","image":{"@type":"ImageObject","inLanguage":"en-GB","@id":"https:\/\/jayjayma.de\/wp-content\/uploads\/2025\/04\/jayjaysdots_dunkel.png","url":"https:\/\/jayjayma.de\/wp-content\/uploads\/2025\/04\/jayjaysdots_dunkel.png","contentUrl":"https:\/\/jayjayma.de\/wp-content\/uploads\/2025\/04\/jayjaysdots_dunkel.png","width":500,"height":500,"caption":"Julia James"},"logo":{"@id":"https:\/\/jayjayma.de\/wp-content\/uploads\/2025\/04\/jayjaysdots_dunkel.png"},"description":"The mandala artist and workshop host combines creativity with mindfulness and inspires others to find inner peace and balance by looking at and painting mandalas.","sameAs":["https:\/\/jayjayma.de","https:\/\/www.instagram.com\/jayjaysdots\/"]}]}},"_links":{"self":[{"href":"https:\/\/jayjayma.de\/en\/wp-json\/wp\/v2\/pages\/2148","targetHints":{"allow":["GET"]}}],"collection":[{"href":"https:\/\/jayjayma.de\/en\/wp-json\/wp\/v2\/pages"}],"about":[{"href":"https:\/\/jayjayma.de\/en\/wp-json\/wp\/v2\/types\/page"}],"author":[{"embeddable":true,"href":"https:\/\/jayjayma.de\/en\/wp-json\/wp\/v2\/users\/1"}],"replies":[{"embeddable":true,"href":"https:\/\/jayjayma.de\/en\/wp-json\/wp\/v2\/comments?post=2148"}],"version-history":[{"count":7,"href":"https:\/\/jayjayma.de\/en\/wp-json\/wp\/v2\/pages\/2148\/revisions"}],"predecessor-version":[{"id":3513,"href":"https:\/\/jayjayma.de\/en\/wp-json\/wp\/v2\/pages\/2148\/revisions\/3513"}],"wp:attachment":[{"href":"https:\/\/jayjayma.de\/en\/wp-json\/wp\/v2\/media?parent=2148"}],"curies":[{"name":"wp","href":"https:\/\/api.w.org\/{rel}","templated":true}]}}