{"id":2644,"date":"2025-04-09T22:31:52","date_gmt":"2025-04-09T20:31:52","guid":{"rendered":"https:\/\/jayjayma.de\/?page_id=2644"},"modified":"2026-03-26T17:53:26","modified_gmt":"2026-03-26T16:53:26","slug":"auftragsarbeit","status":"publish","type":"page","link":"https:\/\/jayjayma.de\/en\/auftragsarbeit\/","title":{"rendered":"Commissions"},"content":{"rendered":"<p>[et_pb_section fb_built=&#8220;1&#8243; admin_label=&#8220;Header&#8220; _builder_version=&#8220;4.27.6&#8243; background_color=&#8220;#607f83&#8243; use_background_color_gradient=&#8220;on&#8220; background_color_gradient_direction=&#8220;90deg&#8220; background_color_gradient_stops=&#8220;#f9f9f3 75%|#ffffff 75%|rgba(0,0,0,0) 75%&#8220; background_color_gradient_start=&#8220;#ffffff&#8220; background_color_gradient_start_position=&#8220;75%&#8220; background_color_gradient_end=&#8220;rgba(0,0,0,0)&#8220; background_color_gradient_end_position=&#8220;75%&#8220; background_enable_image=&#8220;off&#8220; background_size=&#8220;initial&#8220; background_position=&#8220;bottom_left&#8220; background_horizontal_offset=&#8220;0%&#8220; background_vertical_offset=&#8220;-800%&#8220; custom_padding=&#8220;||0px|||&#8220; background_color_tablet=&#8220;#F9F9F3&#8243; background_color_phone=&#8220;#F9F9F3&#8243; background_last_edited=&#8220;on|phone&#8220; background_enable_color_tablet=&#8220;on&#8220; background_enable_color_phone=&#8220;on&#8220; use_background_color_gradient_tablet=&#8220;off&#8220; use_background_color_gradient_phone=&#8220;off&#8220; box_shadow_style=&#8220;preset7&#8243; box_shadow_horizontal=&#8220;0px&#8220; box_shadow_vertical=&#8220;0px&#8220; box_shadow_color=&#8220;#ffffff&#8220; box_shadow_vertical_tablet=&#8220;-80vh&#8220; box_shadow_vertical_phone=&#8220;-90vh&#8220; box_shadow_vertical_last_edited=&#8220;on|phone&#8220; global_colors_info=&#8220;{}&#8220;][et_pb_row column_structure=&#8220;1_2,1_2&#8243; custom_padding_last_edited=&#8220;on|phone&#8220; _builder_version=&#8220;4.27.6&#8243; background_enable_color=&#8220;off&#8220; custom_margin_tablet=&#8220;&#8220; custom_margin_phone=&#8220;&#8220; custom_margin_last_edited=&#8220;on|phone&#8220; custom_padding=&#8220;|0px||0px|false|false&#8220; custom_padding_tablet=&#8220;|0px||0px|false|false&#8220; custom_padding_phone=&#8220;0px||||false|false&#8220; global_colors_info=&#8220;{}&#8220;][et_pb_column type=&#8220;1_2&#8243; _builder_version=&#8220;4.27.6&#8243; z_index=&#8220;10&#8243; global_colors_info=&#8220;{}&#8220;][et_pb_text _builder_version=&#8220;4.27.6&#8243; text_font=&#8220;Raleway_lokal||||||||&#8220; header_font=&#8220;|800||on|||||&#8220; header_text_color=&#8220;#ADC1C2&#8243; header_font_size=&#8220;9vw&#8220; header_line_height=&#8220;1.2em&#8220; custom_margin=&#8220;|-22vw|||false|false&#8220; custom_margin_tablet=&#8220;|0vw|||false|false&#8220; custom_margin_phone=&#8220;&#8220; custom_margin_last_edited=&#8220;on|phone&#8220; locked=&#8220;off&#8220; global_colors_info=&#8220;{}&#8220;]<\/p>\n<h1>Dein Wunsch-mandala<\/h1>\n<p>[\/et_pb_text][et_pb_text _builder_version=&#8220;4.27.6&#8243; _module_preset=&#8220;default&#8220; text_text_color=&#8220;#607F83&#8243; text_font_size=&#8220;22px&#8220; text_orientation=&#8220;right&#8220; text_font_size_tablet=&#8220;22px&#8220; text_font_size_phone=&#8220;18px&#8220; text_font_size_last_edited=&#8220;on|phone&#8220; global_colors_info=&#8220;{}&#8220;]<\/p>\n<p>Von deiner Intention zum Unikat.<br \/>Achtsam.<br \/>Schritt f\u00fcr Schritt.<\/p>\n<p>[\/et_pb_text][\/et_pb_column][et_pb_column type=&#8220;1_2&#8243; _builder_version=&#8220;4.16&#8243; global_colors_info=&#8220;{}&#8220;][et_pb_image src=&#8220;https:\/\/jayjayma.de\/wp-content\/uploads\/2026\/03\/Header_Auftragsarbeit.jpg&#8220; title_text=&#8220;Header_Auftragsarbeit&#8220; _builder_version=&#8220;4.27.6&#8243; background_enable_color=&#8220;off&#8220; locked=&#8220;off&#8220; global_colors_info=&#8220;{}&#8220;][\/et_pb_image][\/et_pb_column][\/et_pb_row][et_pb_row column_structure=&#8220;1_3,1_3,1_3&#8243; _builder_version=&#8220;4.27.6&#8243; background_color=&#8220;#F9F9F3&#8243; background_enable_image=&#8220;off&#8220; background_size=&#8220;contain&#8220; custom_padding=&#8220;||0px|||&#8220; global_colors_info=&#8220;{}&#8220;][et_pb_column type=&#8220;1_3&#8243; _builder_version=&#8220;4.16&#8243; global_colors_info=&#8220;{}&#8220;][\/et_pb_column][et_pb_column type=&#8220;1_3&#8243; _builder_version=&#8220;4.16&#8243; global_colors_info=&#8220;{}&#8220;][\/et_pb_column][et_pb_column type=&#8220;1_3&#8243; _builder_version=&#8220;4.16&#8243; global_colors_info=&#8220;{}&#8220;][et_pb_text _builder_version=&#8220;4.27.6&#8243; text_font=&#8220;Raleway_lokal||||||||&#8220; text_line_height=&#8220;2em&#8220; link_font=&#8220;||||on||||&#8220; link_text_color=&#8220;#ffffff&#8220; link_font_size=&#8220;22px&#8220; link_line_height=&#8220;1.4em&#8220; header_5_font=&#8220;Merriweather||||||||&#8220; header_5_font_size=&#8220;36px&#8220; header_6_font=&#8220;|600|||||||&#8220; header_6_font_size=&#8220;16px&#8220; header_6_letter_spacing=&#8220;2px&#8220; header_6_line_height=&#8220;1.2em&#8220; background_color=&#8220;#a35d3c&#8220; text_orientation=&#8220;right&#8220; background_layout=&#8220;dark&#8220; max_width=&#8220;300px&#8220; max_width_tablet=&#8220;100%&#8220; max_width_phone=&#8220;&#8220; max_width_last_edited=&#8220;on|phone&#8220; module_alignment=&#8220;right&#8220; custom_margin=&#8220;-240px||||false|false&#8220; custom_margin_tablet=&#8220;0px||||false|false&#8220; custom_margin_phone=&#8220;||||false|false&#8220; custom_margin_last_edited=&#8220;on|phone&#8220; custom_padding=&#8220;270px|30px|20px|30px|false|true&#8220; custom_padding_tablet=&#8220;80px||||false|true&#8220; custom_padding_phone=&#8220;&#8220; custom_padding_last_edited=&#8220;on|phone&#8220; header_5_font_size_tablet=&#8220;30px&#8220; header_5_font_size_phone=&#8220;26px&#8220; header_5_font_size_last_edited=&#8220;on|phone&#8220; locked=&#8220;off&#8220; global_colors_info=&#8220;{}&#8220;]<\/p>\n<h6>Meine Arbeit<\/h6>\n<p><a href=\"jayjayma.de\/shop\">Shop<\/a><\/p>\n<p>[\/et_pb_text][\/et_pb_column][\/et_pb_row][\/et_pb_section][et_pb_section fb_built=&#8220;1&#8243; admin_label=&#8220;CV&#8220; _builder_version=&#8220;4.26.0&#8243; background_color=&#8220;#f9f9f3&#8243; global_colors_info=&#8220;{}&#8220;][et_pb_row column_structure=&#8220;1_2,1_2&#8243; _builder_version=&#8220;4.16&#8243; global_colors_info=&#8220;{}&#8220;][et_pb_column type=&#8220;1_2&#8243; _builder_version=&#8220;4.16&#8243; global_colors_info=&#8220;{}&#8220;][et_pb_text _builder_version=&#8220;4.27.6&#8243; _module_preset=&#8220;default&#8220; text_font_size=&#8220;23px&#8220; text_line_height=&#8220;2.2em&#8220; text_font_size_tablet=&#8220;23px&#8220; text_font_size_phone=&#8220;16px&#8220; text_font_size_last_edited=&#8220;on|phone&#8220; locked=&#8220;off&#8220; global_colors_info=&#8220;{}&#8220;]<\/p>\n<p data-start=\"168\" data-end=\"410\" class=\"\">Jedes Mandala hat seine eigene Magie, die durch Farben und Formen zum Leben erweckt wird. Du kannst ein Mandala nach deinen ganz pers\u00f6nlichen W\u00fcnschen anfertigen lassen \u2013 sei es f\u00fcr dein Zuhause, als Geschenk oder f\u00fcr ein besonderes Ereignis.<\/p>\n<p data-start=\"412\" data-end=\"794\" class=\"\">Es ist eine tolle Gelegenheit, aktiv in den k\u00fcnstlerischen Prozess eingebunden zu sein \u2013 ein spannender und kreativer Weg, der sowohl bereichernd als auch inspirierend ist. Diese pers\u00f6nliche Einbindung verleiht dem Werk Authentizit\u00e4t, Intimit\u00e4t und eine besondere pers\u00f6nliche Bedeutung. Durch die Verbindung deiner Vision und meiner k\u00fcnstlerischen Umsetzung entsteht stets ein Unikat.<\/p>\n<p>[\/et_pb_text][\/et_pb_column][et_pb_column type=&#8220;1_2&#8243; _builder_version=&#8220;4.16&#8243; global_colors_info=&#8220;{}&#8220;][et_pb_text _builder_version=&#8220;4.27.6&#8243; text_font=&#8220;Raleway_lokal||||||||&#8220; text_font_size=&#8220;16px&#8220; text_line_height=&#8220;2.2em&#8220; ul_font=&#8220;Raleway_lokal||||||||&#8220; ul_line_height=&#8220;2em&#8220; header_2_font=&#8220;||||||||&#8220; header_2_text_color=&#8220;#607f83&#8243; custom_padding=&#8220;||||false|false&#8220; locked=&#8220;off&#8220; global_colors_info=&#8220;{}&#8220;]<\/p>\n<h2 data-start=\"1984\" data-end=\"2006\">So funktioniert&#8217;s:<\/h2>\n<p data-start=\"2011\" data-end=\"2121\" class=\"\"><strong data-start=\"2011\" data-end=\"2037\">Wahl deiner Parameter:<\/strong> Du bestimmst die Gr\u00f6\u00dfe, die Farbe(n) und optional die gew\u00fcnschte Wirkung deines Mandalas.<\/p>\n<p data-start=\"2301\" data-end=\"2459\" class=\"\"><strong data-start=\"2301\" data-end=\"2327\">Gemeinsame Gestaltung:<\/strong> Ich entwickle eine Farbpalette, die wir zusammen abstimmen.<\/p>\n<p data-start=\"2463\" data-end=\"2582\" class=\"\"><strong data-start=\"2463\" data-end=\"2493\">Anfertigung und Lieferung:<\/strong> Mit viel Hingabe wird dein individuelles Mandala gefertigt und direkt an dich geliefert.<\/p>\n<p data-start=\"2463\" data-end=\"2582\" class=\"\"><strong>Gr\u00f6\u00dfen (Durchmesser) und Kosten:<\/strong><\/p>\n<ul>\n<li data-start=\"2463\" data-end=\"2582\">30 cm: ab 160 Euro<\/li>\n<li data-start=\"2463\" data-end=\"2582\">40 cm: ab 250 Euro<\/li>\n<li data-start=\"2463\" data-end=\"2582\">50 cm: ab 380 Euro<\/li>\n<li data-start=\"2463\" data-end=\"2582\">60 cm: ab 590 Euro<\/li>\n<li data-start=\"2463\" data-end=\"2582\">70 cm: ab 750 Euro<\/li>\n<li data-start=\"2463\" data-end=\"2582\">80 cm: ab 1250 Euro<\/li>\n<li data-start=\"2463\" data-end=\"2582\">90 cm: ab 1800 Euro<\/li>\n<li data-start=\"2463\" data-end=\"2582\">4 x 10 cm (Getr\u00e4nkeuntersetzer mit Spezialversiegelung): ab 100 Euro<\/li>\n<\/ul>\n<p>Auch andere Formate (z.B. Mandala auf eckiger Leinwand oder Uhren) sind m\u00f6glich. Sprich mich einfach an.<\/p>\n<p>[\/et_pb_text][et_pb_button button_url=&#8220;mailto:kontakt@jayjayma.de&#8220; button_text=&#8220;Lass uns loslegen!&#8220; _builder_version=&#8220;4.27.4&#8243; _module_preset=&#8220;default&#8220; global_colors_info=&#8220;{}&#8220;][\/et_pb_button][\/et_pb_column][\/et_pb_row][\/et_pb_section][et_pb_section fb_built=&#8220;1&#8243; disabled_on=&#8220;on|on|on&#8220; admin_label=&#8220;Gallery&#8220; _builder_version=&#8220;4.26.0&#8243; background_color=&#8220;#f9f9f3&#8243; overflow-x=&#8220;hidden&#8220; overflow-y=&#8220;hidden&#8220; disabled=&#8220;on&#8220; global_colors_info=&#8220;{}&#8220;][et_pb_row _builder_version=&#8220;4.16&#8243; max_width=&#8220;none&#8220; global_colors_info=&#8220;{}&#8220;][et_pb_column type=&#8220;4_4&#8243; _builder_version=&#8220;4.16&#8243; global_colors_info=&#8220;{}&#8220;][et_pb_text _builder_version=&#8220;4.26.0&#8243; header_2_font=&#8220;Raleway_lokal|800||on|||||&#8220; header_2_text_color=&#8220;rgba(173,193,194,0.4)&#8220; header_2_font_size=&#8220;12vw&#8220; header_2_line_height=&#8220;1.2em&#8220; z_index=&#8220;2&#8243; text_orientation=&#8220;center&#8220; custom_margin=&#8220;||||false|false&#8220; header_2_font_size_tablet=&#8220;100px&#8220; header_2_font_size_phone=&#8220;40px&#8220; header_2_font_size_last_edited=&#8220;off|desktop&#8220; locked=&#8220;off&#8220; global_colors_info=&#8220;{}&#8220;]<\/p>\n<h2>Originale<\/h2>\n<p>[\/et_pb_text][\/et_pb_column][\/et_pb_row][et_pb_row column_structure=&#8220;1_5,1_5,1_5,1_5,1_5&#8243; use_custom_gutter=&#8220;on&#8220; gutter_width=&#8220;2&#8243; _builder_version=&#8220;4.26.0&#8243; z_index=&#8220;10&#8243; width=&#8220;90%&#8220; max_width=&#8220;1600px&#8220; custom_margin_tablet=&#8220;||0px||false|false&#8220; custom_margin_last_edited=&#8220;off|desktop&#8220; border_color_all=&#8220;#000000&#8243; border_width_top=&#8220;5px&#8220; border_color_top=&#8220;#607f83&#8243; border_width_bottom=&#8220;5px&#8220; border_color_bottom=&#8220;#607f83&#8243; locked=&#8220;off&#8220; global_colors_info=&#8220;{}&#8220;][et_pb_column type=&#8220;1_5&#8243; _builder_version=&#8220;4.16&#8243; global_colors_info=&#8220;{}&#8220;][et_pb_image src=&#8220;https:\/\/jayjayma.de\/wp-content\/uploads\/2024\/02\/Pinki_600x780-1.png&#8220; title_text=&#8220;Pinki_600x780&#8243; show_in_lightbox=&#8220;on&#8220; use_overlay=&#8220;on&#8220; overlay_icon_color=&#8220;#000000&#8243; _builder_version=&#8220;4.26.0&#8243; locked=&#8220;off&#8220; global_colors_info=&#8220;{}&#8220;][\/et_pb_image][\/et_pb_column][et_pb_column type=&#8220;1_5&#8243; _builder_version=&#8220;4.16&#8243; global_colors_info=&#8220;{}&#8220;][et_pb_image src=&#8220;https:\/\/jayjayma.de\/wp-content\/uploads\/2024\/07\/500x655_Wiking_web.png&#8220; title_text=&#8220;500x655_Wiking_web&#8220; show_in_lightbox=&#8220;on&#8220; use_overlay=&#8220;on&#8220; overlay_icon_color=&#8220;#000000&#8243; _builder_version=&#8220;4.26.0&#8243; locked=&#8220;off&#8220; global_colors_info=&#8220;{}&#8220;][\/et_pb_image][\/et_pb_column][et_pb_column type=&#8220;1_5&#8243; _builder_version=&#8220;4.16&#8243; global_colors_info=&#8220;{}&#8220;][et_pb_image src=&#8220;https:\/\/jayjayma.de\/wp-content\/uploads\/2023\/11\/Painter-artist-64.jpg&#8220; title_text=&#8220;Painter-artist-64&#8243; show_in_lightbox=&#8220;on&#8220; use_overlay=&#8220;on&#8220; overlay_icon_color=&#8220;#000000&#8243; _builder_version=&#8220;4.16&#8243; locked=&#8220;off&#8220; global_colors_info=&#8220;{}&#8220;][\/et_pb_image][\/et_pb_column][et_pb_column type=&#8220;1_5&#8243; _builder_version=&#8220;4.16&#8243; global_colors_info=&#8220;{}&#8220;][et_pb_image src=&#8220;https:\/\/jayjayma.de\/wp-content\/uploads\/2023\/11\/Painter-artist-61.jpg&#8220; title_text=&#8220;Painter-artist-61&#8243; show_in_lightbox=&#8220;on&#8220; use_overlay=&#8220;on&#8220; overlay_icon_color=&#8220;#000000&#8243; _builder_version=&#8220;4.16&#8243; locked=&#8220;off&#8220; global_colors_info=&#8220;{}&#8220;][\/et_pb_image][\/et_pb_column][et_pb_column type=&#8220;1_5&#8243; _builder_version=&#8220;4.16&#8243; global_colors_info=&#8220;{}&#8220;][et_pb_image src=&#8220;https:\/\/jayjayma.de\/wp-content\/uploads\/2023\/11\/Painter-artist-60.jpg&#8220; title_text=&#8220;Painter-artist-60&#8243; show_in_lightbox=&#8220;on&#8220; use_overlay=&#8220;on&#8220; overlay_icon_color=&#8220;#000000&#8243; _builder_version=&#8220;4.16&#8243; locked=&#8220;off&#8220; global_colors_info=&#8220;{}&#8220;][\/et_pb_image][\/et_pb_column][\/et_pb_row][et_pb_row _builder_version=&#8220;4.16&#8243; _module_preset=&#8220;default&#8220; global_colors_info=&#8220;{}&#8220;][et_pb_column type=&#8220;4_4&#8243; _builder_version=&#8220;4.16&#8243; _module_preset=&#8220;default&#8220; global_colors_info=&#8220;{}&#8220;][et_pb_button button_url=&#8220;http:\/\/jayjama.de\/originale&#8220; button_text=&#8220;Alle Originale&#8220; button_alignment=&#8220;center&#8220; _builder_version=&#8220;4.26.0&#8243; _module_preset=&#8220;default&#8220; custom_button=&#8220;on&#8220; button_text_size=&#8220;12px&#8220; button_text_color=&#8220;#ffffff&#8220; button_bg_color=&#8220;#a35d3c&#8220; button_border_width=&#8220;0px&#8220; button_border_radius=&#8220;0px&#8220; button_letter_spacing=&#8220;2px&#8220; button_font=&#8220;Raleway_lokal|700||on|||||&#8220; custom_padding=&#8220;18px|40px|18px|40px|true|true&#8220; global_colors_info=&#8220;{}&#8220;][\/et_pb_button][\/et_pb_column][\/et_pb_row][\/et_pb_section]<\/p>\n","protected":false},"excerpt":{"rendered":"<p>Dein Wunsch-mandalaVon deiner Intention zum Unikat.Achtsam.Schritt f\u00fcr Schritt.Meine Arbeit ShopJedes Mandala hat seine eigene Magie, die durch Farben und Formen zum Leben erweckt wird. Du kannst ein Mandala nach deinen ganz pers\u00f6nlichen W\u00fcnschen anfertigen lassen \u2013 sei es f\u00fcr dein Zuhause, als Geschenk oder f\u00fcr ein besonderes Ereignis. Es ist eine tolle Gelegenheit, aktiv in [&hellip;]<\/p>\n","protected":false},"author":1,"featured_media":0,"parent":0,"menu_order":0,"comment_status":"closed","ping_status":"closed","template":"","meta":{"_et_pb_use_builder":"on","_et_pb_old_content":"","_et_gb_content_width":"","_metis_text_type":"standard","_metis_text_length":1424,"_post_count":0,"footnotes":""},"class_list":["post-2644","page","type-page","status-publish","hentry"],"yoast_head":"<!-- This site is optimized with the Yoast SEO plugin v27.3 - https:\/\/yoast.com\/product\/yoast-seo-wordpress\/ -->\n<title>Auftragsarbeit - jayjayma.de<\/title>\n<meta name=\"robots\" content=\"index, follow, max-snippet:-1, max-image-preview:large, max-video-preview:-1\" \/>\n<link rel=\"canonical\" href=\"https:\/\/jayjayma.de\/en\/auftragsarbeit\/\" \/>\n<meta property=\"og:locale\" content=\"en_GB\" \/>\n<meta property=\"og:type\" content=\"article\" \/>\n<meta property=\"og:title\" content=\"Auftragsarbeit - jayjayma.de\" \/>\n<meta property=\"og:description\" content=\"Dein Wunsch-mandalaVon deiner Intention zum Unikat.Achtsam.Schritt f\u00fcr Schritt.Meine Arbeit ShopJedes Mandala hat seine eigene Magie, die durch Farben und Formen zum Leben erweckt wird. Du kannst ein Mandala nach deinen ganz pers\u00f6nlichen W\u00fcnschen anfertigen lassen \u2013 sei es f\u00fcr dein Zuhause, als Geschenk oder f\u00fcr ein besonderes Ereignis. Es ist eine tolle Gelegenheit, aktiv in [&hellip;]\" \/>\n<meta property=\"og:url\" content=\"https:\/\/jayjayma.de\/en\/auftragsarbeit\/\" \/>\n<meta property=\"og:site_name\" content=\"jayjayma.de\" \/>\n<meta property=\"article:modified_time\" content=\"2026-03-26T16:53:26+00:00\" \/>\n<meta name=\"twitter:card\" content=\"summary_large_image\" \/>\n<meta name=\"twitter:label1\" content=\"Estimated reading time\" \/>\n\t<meta name=\"twitter:data1\" content=\"7 minutes\" \/>\n<script type=\"application\/ld+json\" class=\"yoast-schema-graph\">{\"@context\":\"https:\\\/\\\/schema.org\",\"@graph\":[{\"@type\":\"WebPage\",\"@id\":\"https:\\\/\\\/jayjayma.de\\\/auftragsarbeit\\\/\",\"url\":\"https:\\\/\\\/jayjayma.de\\\/auftragsarbeit\\\/\",\"name\":\"Auftragsarbeit - jayjayma.de\",\"isPartOf\":{\"@id\":\"https:\\\/\\\/jayjayma.de\\\/#website\"},\"datePublished\":\"2025-04-09T20:31:52+00:00\",\"dateModified\":\"2026-03-26T16:53:26+00:00\",\"breadcrumb\":{\"@id\":\"https:\\\/\\\/jayjayma.de\\\/auftragsarbeit\\\/#breadcrumb\"},\"inLanguage\":\"en-GB\",\"potentialAction\":[{\"@type\":\"ReadAction\",\"target\":[\"https:\\\/\\\/jayjayma.de\\\/auftragsarbeit\\\/\"]}]},{\"@type\":\"BreadcrumbList\",\"@id\":\"https:\\\/\\\/jayjayma.de\\\/auftragsarbeit\\\/#breadcrumb\",\"itemListElement\":[{\"@type\":\"ListItem\",\"position\":1,\"name\":\"Home\",\"item\":\"https:\\\/\\\/jayjayma.de\\\/\"},{\"@type\":\"ListItem\",\"position\":2,\"name\":\"Auftragsarbeit\"}]},{\"@type\":\"WebSite\",\"@id\":\"https:\\\/\\\/jayjayma.de\\\/#website\",\"url\":\"https:\\\/\\\/jayjayma.de\\\/\",\"name\":\"jayjayma.de\",\"description\":\"arts and craft\",\"publisher\":{\"@id\":\"https:\\\/\\\/jayjayma.de\\\/#\\\/schema\\\/person\\\/e9210b912c40330c015ef249278e5649\"},\"potentialAction\":[{\"@type\":\"SearchAction\",\"target\":{\"@type\":\"EntryPoint\",\"urlTemplate\":\"https:\\\/\\\/jayjayma.de\\\/?s={search_term_string}\"},\"query-input\":{\"@type\":\"PropertyValueSpecification\",\"valueRequired\":true,\"valueName\":\"search_term_string\"}}],\"inLanguage\":\"en-GB\"},{\"@type\":[\"Person\",\"Organization\"],\"@id\":\"https:\\\/\\\/jayjayma.de\\\/#\\\/schema\\\/person\\\/e9210b912c40330c015ef249278e5649\",\"name\":\"Julia James\",\"image\":{\"@type\":\"ImageObject\",\"inLanguage\":\"en-GB\",\"@id\":\"https:\\\/\\\/jayjayma.de\\\/wp-content\\\/uploads\\\/2025\\\/04\\\/jayjaysdots_dunkel.png\",\"url\":\"https:\\\/\\\/jayjayma.de\\\/wp-content\\\/uploads\\\/2025\\\/04\\\/jayjaysdots_dunkel.png\",\"contentUrl\":\"https:\\\/\\\/jayjayma.de\\\/wp-content\\\/uploads\\\/2025\\\/04\\\/jayjaysdots_dunkel.png\",\"width\":500,\"height\":500,\"caption\":\"Julia James\"},\"logo\":{\"@id\":\"https:\\\/\\\/jayjayma.de\\\/wp-content\\\/uploads\\\/2025\\\/04\\\/jayjaysdots_dunkel.png\"},\"description\":\"Die Mandala-K\u00fcnstlerin und Workshop-Leiterin verbindet Kreativit\u00e4t mit Achtsamkeit und inspiriert andere, durch das Betrachten und Malen von Mandalas innere Ruhe und Balance zu finden.\",\"sameAs\":[\"https:\\\/\\\/jayjayma.de\",\"https:\\\/\\\/www.instagram.com\\\/jayjaysdots\\\/\"]}]}<\/script>\n<!-- \/ Yoast SEO plugin. -->","yoast_head_json":{"title":"Auftragsarbeit - jayjayma.de","robots":{"index":"index","follow":"follow","max-snippet":"max-snippet:-1","max-image-preview":"max-image-preview:large","max-video-preview":"max-video-preview:-1"},"canonical":"https:\/\/jayjayma.de\/en\/auftragsarbeit\/","og_locale":"en_GB","og_type":"article","og_title":"Auftragsarbeit - jayjayma.de","og_description":"Dein Wunsch-mandalaVon deiner Intention zum Unikat.Achtsam.Schritt f\u00fcr Schritt.Meine Arbeit ShopJedes Mandala hat seine eigene Magie, die durch Farben und Formen zum Leben erweckt wird. Du kannst ein Mandala nach deinen ganz pers\u00f6nlichen W\u00fcnschen anfertigen lassen \u2013 sei es f\u00fcr dein Zuhause, als Geschenk oder f\u00fcr ein besonderes Ereignis. Es ist eine tolle Gelegenheit, aktiv in [&hellip;]","og_url":"https:\/\/jayjayma.de\/en\/auftragsarbeit\/","og_site_name":"jayjayma.de","article_modified_time":"2026-03-26T16:53:26+00:00","twitter_card":"summary_large_image","twitter_misc":{"Estimated reading time":"7 minutes"},"schema":{"@context":"https:\/\/schema.org","@graph":[{"@type":"WebPage","@id":"https:\/\/jayjayma.de\/auftragsarbeit\/","url":"https:\/\/jayjayma.de\/auftragsarbeit\/","name":"Auftragsarbeit - jayjayma.de","isPartOf":{"@id":"https:\/\/jayjayma.de\/#website"},"datePublished":"2025-04-09T20:31:52+00:00","dateModified":"2026-03-26T16:53:26+00:00","breadcrumb":{"@id":"https:\/\/jayjayma.de\/auftragsarbeit\/#breadcrumb"},"inLanguage":"en-GB","potentialAction":[{"@type":"ReadAction","target":["https:\/\/jayjayma.de\/auftragsarbeit\/"]}]},{"@type":"BreadcrumbList","@id":"https:\/\/jayjayma.de\/auftragsarbeit\/#breadcrumb","itemListElement":[{"@type":"ListItem","position":1,"name":"Home","item":"https:\/\/jayjayma.de\/"},{"@type":"ListItem","position":2,"name":"Auftragsarbeit"}]},{"@type":"WebSite","@id":"https:\/\/jayjayma.de\/#website","url":"https:\/\/jayjayma.de\/","name":"jayjayma.de","description":"arts and craft","publisher":{"@id":"https:\/\/jayjayma.de\/#\/schema\/person\/e9210b912c40330c015ef249278e5649"},"potentialAction":[{"@type":"SearchAction","target":{"@type":"EntryPoint","urlTemplate":"https:\/\/jayjayma.de\/?s={search_term_string}"},"query-input":{"@type":"PropertyValueSpecification","valueRequired":true,"valueName":"search_term_string"}}],"inLanguage":"en-GB"},{"@type":["Person","Organization"],"@id":"https:\/\/jayjayma.de\/#\/schema\/person\/e9210b912c40330c015ef249278e5649","name":"Julia James","image":{"@type":"ImageObject","inLanguage":"en-GB","@id":"https:\/\/jayjayma.de\/wp-content\/uploads\/2025\/04\/jayjaysdots_dunkel.png","url":"https:\/\/jayjayma.de\/wp-content\/uploads\/2025\/04\/jayjaysdots_dunkel.png","contentUrl":"https:\/\/jayjayma.de\/wp-content\/uploads\/2025\/04\/jayjaysdots_dunkel.png","width":500,"height":500,"caption":"Julia James"},"logo":{"@id":"https:\/\/jayjayma.de\/wp-content\/uploads\/2025\/04\/jayjaysdots_dunkel.png"},"description":"The mandala artist and workshop host combines creativity with mindfulness and inspires others to find inner peace and balance by looking at and painting mandalas.","sameAs":["https:\/\/jayjayma.de","https:\/\/www.instagram.com\/jayjaysdots\/"]}]}},"_links":{"self":[{"href":"https:\/\/jayjayma.de\/en\/wp-json\/wp\/v2\/pages\/2644","targetHints":{"allow":["GET"]}}],"collection":[{"href":"https:\/\/jayjayma.de\/en\/wp-json\/wp\/v2\/pages"}],"about":[{"href":"https:\/\/jayjayma.de\/en\/wp-json\/wp\/v2\/types\/page"}],"author":[{"embeddable":true,"href":"https:\/\/jayjayma.de\/en\/wp-json\/wp\/v2\/users\/1"}],"replies":[{"embeddable":true,"href":"https:\/\/jayjayma.de\/en\/wp-json\/wp\/v2\/comments?post=2644"}],"version-history":[{"count":10,"href":"https:\/\/jayjayma.de\/en\/wp-json\/wp\/v2\/pages\/2644\/revisions"}],"predecessor-version":[{"id":4286,"href":"https:\/\/jayjayma.de\/en\/wp-json\/wp\/v2\/pages\/2644\/revisions\/4286"}],"wp:attachment":[{"href":"https:\/\/jayjayma.de\/en\/wp-json\/wp\/v2\/media?parent=2644"}],"curies":[{"name":"wp","href":"https:\/\/api.w.org\/{rel}","templated":true}]}}