{"id":2659,"date":"2025-04-08T19:30:45","date_gmt":"2025-04-08T17:30:45","guid":{"rendered":"https:\/\/jayjayma.de\/?post_type=product&#038;p=2659"},"modified":"2026-03-13T17:48:08","modified_gmt":"2026-03-13T16:48:08","slug":"workshop-april","status":"publish","type":"product","link":"https:\/\/jayjayma.de\/en\/product\/workshop-april\/","title":{"rendered":"Dot-Painting-Workshop am 19. April 2026"},"content":{"rendered":"<p>[et_pb_section fb_built=&#8220;1&#8243; _builder_version=&#8220;4.27.4&#8243; background_color=&#8220;#f9f9f3&#8243; custom_padding=&#8220;0px||||false|false&#8220; global_colors_info=&#8220;{}&#8220;][et_pb_row _builder_version=&#8220;4.16&#8243; background_size=&#8220;initial&#8220; background_position=&#8220;top_left&#8220; background_repeat=&#8220;repeat&#8220; width=&#8220;100%&#8220; custom_padding=&#8220;0px||0px||false|false&#8220; global_colors_info=&#8220;{}&#8220;][et_pb_column type=&#8220;4_4&#8243; _builder_version=&#8220;4.16&#8243; custom_padding=&#8220;|||&#8220; global_colors_info=&#8220;{}&#8220; custom_padding__hover=&#8220;|||&#8220;][et_pb_wc_cart_notice _builder_version=&#8220;4.27.4&#8243; title_font=&#8220;Raleway_lokal||||||||&#8220; background_color=&#8220;#607f83&#8243; custom_button=&#8220;on&#8220; button_text_color=&#8220;#f9f9f3&#8243; button_bg_color=&#8220;#a35d3c&#8220; button_font=&#8220;Raleway_lokal||||||||&#8220; global_colors_info=&#8220;{}&#8220;][\/et_pb_wc_cart_notice][\/et_pb_column][\/et_pb_row][et_pb_row column_structure=&#8220;1_2,1_2&#8243; _builder_version=&#8220;4.16&#8243; background_size=&#8220;initial&#8220; background_position=&#8220;top_left&#8220; background_repeat=&#8220;repeat&#8220; width=&#8220;100%&#8220; custom_padding=&#8220;0px||||false|false&#8220; global_colors_info=&#8220;{}&#8220;][et_pb_column type=&#8220;1_2&#8243; _builder_version=&#8220;4.16&#8243; custom_padding=&#8220;|||&#8220; global_colors_info=&#8220;{}&#8220; custom_padding__hover=&#8220;|||&#8220;][et_pb_wc_images _builder_version=&#8220;4.27.4&#8243; sale_badge_font=&#8220;Raleway_lokal||||||||&#8220; global_colors_info=&#8220;{}&#8220;][\/et_pb_wc_images][\/et_pb_column][et_pb_column type=&#8220;1_2&#8243; _builder_version=&#8220;4.16&#8243; custom_padding=&#8220;|||&#8220; global_colors_info=&#8220;{}&#8220; custom_padding__hover=&#8220;|||&#8220;][et_pb_wc_title _builder_version=&#8220;4.27.6&#8243; header_font=&#8220;||||||||&#8220; header_text_color=&#8220;#607F83&#8243; header_line_height=&#8220;1.3em&#8220; global_colors_info=&#8220;{}&#8220;][\/et_pb_wc_title][et_pb_wc_stock _builder_version=&#8220;4.27.4&#8243; _module_preset=&#8220;default&#8220; instock_text_color=&#8220;#607f83&#8243; instock_font_size=&#8220;16px&#8220; global_colors_info=&#8220;{}&#8220;][\/et_pb_wc_stock][et_pb_wc_price _builder_version=&#8220;4.27.4&#8243; body_font=&#8220;Raleway_lokal||||||||&#8220; body_text_color=&#8220;#a35d3c&#8220; global_colors_info=&#8220;{}&#8220;][\/et_pb_wc_price][et_pb_wc_description description_type=&#8220;description&#8220; _builder_version=&#8220;4.27.4&#8243; _module_preset=&#8220;default&#8220; global_colors_info=&#8220;{}&#8220;][\/et_pb_wc_description][et_pb_wc_add_to_cart show_quantity=&#8220;off&#8220; show_stock=&#8220;off&#8220; _builder_version=&#8220;4.27.4&#8243; custom_button=&#8220;on&#8220; button_text_color=&#8220;#607f83&#8243; button_font=&#8220;Raleway_lokal||||||||&#8220; global_colors_info=&#8220;{}&#8220;][\/et_pb_wc_add_to_cart][\/et_pb_column][\/et_pb_row][et_pb_row _builder_version=&#8220;4.16&#8243; background_size=&#8220;initial&#8220; background_position=&#8220;top_left&#8220; background_repeat=&#8220;repeat&#8220; width=&#8220;100%&#8220; global_colors_info=&#8220;{}&#8220;][et_pb_column type=&#8220;4_4&#8243; _builder_version=&#8220;4.16&#8243; custom_padding=&#8220;|||&#8220; global_colors_info=&#8220;{}&#8220; custom_padding__hover=&#8220;|||&#8220;][et_pb_wc_upsells _builder_version=&#8220;4.16&#8243; global_colors_info=&#8220;{}&#8220;][\/et_pb_wc_upsells][et_pb_wc_related_products show_rating=&#8220;off&#8220; _builder_version=&#8220;4.16&#8243; title_font=&#8220;Raleway_lokal||||||||&#8220; product_title_font=&#8220;Raleway_lokal|300|||||||&#8220; product_title_font_size=&#8220;18px&#8220; product_title_line_height=&#8220;1.3em&#8220; global_colors_info=&#8220;{}&#8220;][\/et_pb_wc_related_products][\/et_pb_column][\/et_pb_row][\/et_pb_section]<\/p>\n","protected":false},"excerpt":{"rendered":"<p>Dot-Painting-Workshop, 19.04.2026<\/p>","protected":false},"featured_media":1823,"template":"","meta":{"_et_pb_use_builder":"on","_et_pb_old_content":"<p style=\"font-size: 16px\">Mit der Dot-Painting-Technik und Acrylfarben gestaltest du dein eigenes, einzigartiges Mandala mit einem Durchmesser von 20 cm. Der kreative Prozess hilft dir, deine eigene Harmonie zu finden, dich zu erden und deine innere Kreativit\u00e4t zum Leben zu erwecken.<\/p>\r\n<strong>Datum<\/strong>: 19. April 2026\r\n<strong>Zeit<\/strong>: 14 Uhr bis ca. 19.30 Uhr\r\n<strong>Ort<\/strong>: Ammersbek nahe Hamburg. Die genaue Adresse erh\u00e4ltst du nach deiner Anmeldung.\r\n\r\n<strong>Teilnehmerzahl<\/strong>: mindestens 3, maximal 5\r\n\r\n<strong>Was dich erwartet:<\/strong>\r\n<ul>\r\n \t<li><strong>Individuelle Anleitung:<\/strong> In kleinen Gruppen von maximal 5 Teilnehmer:innen biete ich dir pers\u00f6nliche Unterst\u00fctzung. Egal, ob du Anf\u00e4nger:in oder bereits erfahren im Malen bist \u2013 jeder Schritt wird mit dir gemeinsam entdeckt.<\/li>\r\n \t<li><strong>Dot-Painting-Technik:<\/strong> Du lernst, mit pr\u00e4zisen Punkten eine detailreiche Komposition zu erschaffen. Diese Technik f\u00f6rdert nicht nur deine Kreativit\u00e4t, sondern auch die Konzentration und Ausgeglichenheit.<\/li>\r\n \t<li><strong>Alle Materialien inklusive:<\/strong> W\u00e4hrend des Workshops stelle ich dir alle n\u00f6tigen Materialien zur Verf\u00fcgung \u2013 von Holzscheiben \u00fcber hochwertige Acrylfarben bis hin zu speziellen Dotting-Tools.<\/li>\r\n \t<li><strong>Verpflegung:<\/strong> F\u00fcr dein Wohl sorgen Getr\u00e4nke, frisches Obst und veganer Kuchen \u2013 damit du dich ganz auf den kreativen Prozess einlassen kannst.<\/li>\r\n \t<li><strong>Dauer:<\/strong> Der Workshop dauert ca. 5 Stunden, in denen du gen\u00fcgend Zeit hast, dein pers\u00f6nliches Mandala zu gestalten und in die kreative Flow-Erfahrung einzutauchen.<\/li>\r\n<\/ul>","_et_gb_content_width":""},"product_brand":[],"product_cat":[63],"product_tag":[],"class_list":{"0":"post-2659","1":"product","2":"type-product","3":"status-publish","4":"has-post-thumbnail","6":"product_cat-workshop","8":"first","9":"instock","10":"virtual","11":"sold-individually","12":"taxable","13":"purchasable","14":"product-type-simple"},"yoast_head":"<!-- This site is optimized with the Yoast SEO plugin v27.3 - https:\/\/yoast.com\/product\/yoast-seo-wordpress\/ -->\n<title>Dot-Painting-Workshop am 19. April 2026 - jayjayma.de<\/title>\n<meta name=\"robots\" content=\"index, follow, max-snippet:-1, max-image-preview:large, max-video-preview:-1\" \/>\n<link rel=\"canonical\" href=\"https:\/\/jayjayma.de\/en\/product\/workshop-april\/\" \/>\n<meta property=\"og:locale\" content=\"en_GB\" \/>\n<meta property=\"og:type\" content=\"article\" \/>\n<meta property=\"og:title\" content=\"Dot-Painting-Workshop am 19. April 2026 - jayjayma.de\" \/>\n<meta property=\"og:description\" content=\"Dot-Painting-Workshop, 19.04.2026\" \/>\n<meta property=\"og:url\" content=\"https:\/\/jayjayma.de\/en\/product\/workshop-april\/\" \/>\n<meta property=\"og:site_name\" content=\"jayjayma.de\" \/>\n<meta property=\"article:modified_time\" content=\"2026-03-13T16:48:08+00:00\" \/>\n<meta property=\"og:image\" content=\"https:\/\/jayjayma.de\/wp-content\/uploads\/2024\/11\/Workshop.png\" \/>\n\t<meta property=\"og:image:width\" content=\"800\" \/>\n\t<meta property=\"og:image:height\" content=\"1105\" \/>\n\t<meta property=\"og:image:type\" content=\"image\/png\" \/>\n<meta name=\"twitter:card\" content=\"summary_large_image\" \/>\n<meta name=\"twitter:label1\" content=\"Estimated reading time\" \/>\n\t<meta name=\"twitter:data1\" content=\"3 minutes\" \/>\n<script type=\"application\/ld+json\" class=\"yoast-schema-graph\">{\"@context\":\"https:\\\/\\\/schema.org\",\"@graph\":[{\"@type\":\"WebPage\",\"@id\":\"https:\\\/\\\/jayjayma.de\\\/product\\\/workshop-april\\\/\",\"url\":\"https:\\\/\\\/jayjayma.de\\\/product\\\/workshop-april\\\/\",\"name\":\"Dot-Painting-Workshop am 19. April 2026 - jayjayma.de\",\"isPartOf\":{\"@id\":\"https:\\\/\\\/jayjayma.de\\\/#website\"},\"primaryImageOfPage\":{\"@id\":\"https:\\\/\\\/jayjayma.de\\\/product\\\/workshop-april\\\/#primaryimage\"},\"image\":{\"@id\":\"https:\\\/\\\/jayjayma.de\\\/product\\\/workshop-april\\\/#primaryimage\"},\"thumbnailUrl\":\"https:\\\/\\\/jayjayma.de\\\/wp-content\\\/uploads\\\/2024\\\/11\\\/Workshop.png\",\"datePublished\":\"2025-04-08T17:30:45+00:00\",\"dateModified\":\"2026-03-13T16:48:08+00:00\",\"breadcrumb\":{\"@id\":\"https:\\\/\\\/jayjayma.de\\\/product\\\/workshop-april\\\/#breadcrumb\"},\"inLanguage\":\"en-GB\",\"potentialAction\":[{\"@type\":\"ReadAction\",\"target\":[\"https:\\\/\\\/jayjayma.de\\\/product\\\/workshop-april\\\/\"]}]},{\"@type\":\"ImageObject\",\"inLanguage\":\"en-GB\",\"@id\":\"https:\\\/\\\/jayjayma.de\\\/product\\\/workshop-april\\\/#primaryimage\",\"url\":\"https:\\\/\\\/jayjayma.de\\\/wp-content\\\/uploads\\\/2024\\\/11\\\/Workshop.png\",\"contentUrl\":\"https:\\\/\\\/jayjayma.de\\\/wp-content\\\/uploads\\\/2024\\\/11\\\/Workshop.png\",\"width\":800,\"height\":1105},{\"@type\":\"BreadcrumbList\",\"@id\":\"https:\\\/\\\/jayjayma.de\\\/product\\\/workshop-april\\\/#breadcrumb\",\"itemListElement\":[{\"@type\":\"ListItem\",\"position\":1,\"name\":\"Home\",\"item\":\"https:\\\/\\\/jayjayma.de\\\/\"},{\"@type\":\"ListItem\",\"position\":2,\"name\":\"Originale\",\"item\":\"https:\\\/\\\/jayjayma.de\\\/shop\\\/\"},{\"@type\":\"ListItem\",\"position\":3,\"name\":\"Dot-Painting-Workshop am 19. April 2026\"}]},{\"@type\":\"WebSite\",\"@id\":\"https:\\\/\\\/jayjayma.de\\\/#website\",\"url\":\"https:\\\/\\\/jayjayma.de\\\/\",\"name\":\"jayjayma.de\",\"description\":\"arts and craft\",\"publisher\":{\"@id\":\"https:\\\/\\\/jayjayma.de\\\/#\\\/schema\\\/person\\\/e9210b912c40330c015ef249278e5649\"},\"potentialAction\":[{\"@type\":\"SearchAction\",\"target\":{\"@type\":\"EntryPoint\",\"urlTemplate\":\"https:\\\/\\\/jayjayma.de\\\/?s={search_term_string}\"},\"query-input\":{\"@type\":\"PropertyValueSpecification\",\"valueRequired\":true,\"valueName\":\"search_term_string\"}}],\"inLanguage\":\"en-GB\"},{\"@type\":[\"Person\",\"Organization\"],\"@id\":\"https:\\\/\\\/jayjayma.de\\\/#\\\/schema\\\/person\\\/e9210b912c40330c015ef249278e5649\",\"name\":\"Julia James\",\"image\":{\"@type\":\"ImageObject\",\"inLanguage\":\"en-GB\",\"@id\":\"https:\\\/\\\/jayjayma.de\\\/wp-content\\\/uploads\\\/2025\\\/04\\\/jayjaysdots_dunkel.png\",\"url\":\"https:\\\/\\\/jayjayma.de\\\/wp-content\\\/uploads\\\/2025\\\/04\\\/jayjaysdots_dunkel.png\",\"contentUrl\":\"https:\\\/\\\/jayjayma.de\\\/wp-content\\\/uploads\\\/2025\\\/04\\\/jayjaysdots_dunkel.png\",\"width\":500,\"height\":500,\"caption\":\"Julia James\"},\"logo\":{\"@id\":\"https:\\\/\\\/jayjayma.de\\\/wp-content\\\/uploads\\\/2025\\\/04\\\/jayjaysdots_dunkel.png\"},\"description\":\"Die Mandala-K\u00fcnstlerin und Workshop-Leiterin verbindet Kreativit\u00e4t mit Achtsamkeit und inspiriert andere, durch das Betrachten und Malen von Mandalas innere Ruhe und Balance zu finden.\",\"sameAs\":[\"https:\\\/\\\/jayjayma.de\",\"https:\\\/\\\/www.instagram.com\\\/jayjaysdots\\\/\"]}]}<\/script>\n<!-- \/ Yoast SEO plugin. -->","yoast_head_json":{"title":"Dot-Painting-Workshop am 19. April 2026 - jayjayma.de","robots":{"index":"index","follow":"follow","max-snippet":"max-snippet:-1","max-image-preview":"max-image-preview:large","max-video-preview":"max-video-preview:-1"},"canonical":"https:\/\/jayjayma.de\/en\/product\/workshop-april\/","og_locale":"en_GB","og_type":"article","og_title":"Dot-Painting-Workshop am 19. April 2026 - jayjayma.de","og_description":"Dot-Painting-Workshop, 19.04.2026","og_url":"https:\/\/jayjayma.de\/en\/product\/workshop-april\/","og_site_name":"jayjayma.de","article_modified_time":"2026-03-13T16:48:08+00:00","og_image":[{"width":800,"height":1105,"url":"https:\/\/jayjayma.de\/wp-content\/uploads\/2024\/11\/Workshop.png","type":"image\/png"}],"twitter_card":"summary_large_image","twitter_misc":{"Estimated reading time":"3 minutes"},"schema":{"@context":"https:\/\/schema.org","@graph":[{"@type":"WebPage","@id":"https:\/\/jayjayma.de\/product\/workshop-april\/","url":"https:\/\/jayjayma.de\/product\/workshop-april\/","name":"Dot-Painting-Workshop am 19. April 2026 - jayjayma.de","isPartOf":{"@id":"https:\/\/jayjayma.de\/#website"},"primaryImageOfPage":{"@id":"https:\/\/jayjayma.de\/product\/workshop-april\/#primaryimage"},"image":{"@id":"https:\/\/jayjayma.de\/product\/workshop-april\/#primaryimage"},"thumbnailUrl":"https:\/\/jayjayma.de\/wp-content\/uploads\/2024\/11\/Workshop.png","datePublished":"2025-04-08T17:30:45+00:00","dateModified":"2026-03-13T16:48:08+00:00","breadcrumb":{"@id":"https:\/\/jayjayma.de\/product\/workshop-april\/#breadcrumb"},"inLanguage":"en-GB","potentialAction":[{"@type":"ReadAction","target":["https:\/\/jayjayma.de\/product\/workshop-april\/"]}]},{"@type":"ImageObject","inLanguage":"en-GB","@id":"https:\/\/jayjayma.de\/product\/workshop-april\/#primaryimage","url":"https:\/\/jayjayma.de\/wp-content\/uploads\/2024\/11\/Workshop.png","contentUrl":"https:\/\/jayjayma.de\/wp-content\/uploads\/2024\/11\/Workshop.png","width":800,"height":1105},{"@type":"BreadcrumbList","@id":"https:\/\/jayjayma.de\/product\/workshop-april\/#breadcrumb","itemListElement":[{"@type":"ListItem","position":1,"name":"Home","item":"https:\/\/jayjayma.de\/"},{"@type":"ListItem","position":2,"name":"Originale","item":"https:\/\/jayjayma.de\/shop\/"},{"@type":"ListItem","position":3,"name":"Dot-Painting-Workshop am 19. April 2026"}]},{"@type":"WebSite","@id":"https:\/\/jayjayma.de\/#website","url":"https:\/\/jayjayma.de\/","name":"jayjayma.de","description":"arts and craft","publisher":{"@id":"https:\/\/jayjayma.de\/#\/schema\/person\/e9210b912c40330c015ef249278e5649"},"potentialAction":[{"@type":"SearchAction","target":{"@type":"EntryPoint","urlTemplate":"https:\/\/jayjayma.de\/?s={search_term_string}"},"query-input":{"@type":"PropertyValueSpecification","valueRequired":true,"valueName":"search_term_string"}}],"inLanguage":"en-GB"},{"@type":["Person","Organization"],"@id":"https:\/\/jayjayma.de\/#\/schema\/person\/e9210b912c40330c015ef249278e5649","name":"Julia James","image":{"@type":"ImageObject","inLanguage":"en-GB","@id":"https:\/\/jayjayma.de\/wp-content\/uploads\/2025\/04\/jayjaysdots_dunkel.png","url":"https:\/\/jayjayma.de\/wp-content\/uploads\/2025\/04\/jayjaysdots_dunkel.png","contentUrl":"https:\/\/jayjayma.de\/wp-content\/uploads\/2025\/04\/jayjaysdots_dunkel.png","width":500,"height":500,"caption":"Julia James"},"logo":{"@id":"https:\/\/jayjayma.de\/wp-content\/uploads\/2025\/04\/jayjaysdots_dunkel.png"},"description":"The mandala artist and workshop host combines creativity with mindfulness and inspires others to find inner peace and balance by looking at and painting mandalas.","sameAs":["https:\/\/jayjayma.de","https:\/\/www.instagram.com\/jayjaysdots\/"]}]}},"_links":{"self":[{"href":"https:\/\/jayjayma.de\/en\/wp-json\/wp\/v2\/product\/2659","targetHints":{"allow":["GET"]}}],"collection":[{"href":"https:\/\/jayjayma.de\/en\/wp-json\/wp\/v2\/product"}],"about":[{"href":"https:\/\/jayjayma.de\/en\/wp-json\/wp\/v2\/types\/product"}],"wp:featuredmedia":[{"embeddable":true,"href":"https:\/\/jayjayma.de\/en\/wp-json\/wp\/v2\/media\/1823"}],"wp:attachment":[{"href":"https:\/\/jayjayma.de\/en\/wp-json\/wp\/v2\/media?parent=2659"}],"wp:term":[{"taxonomy":"product_brand","embeddable":true,"href":"https:\/\/jayjayma.de\/en\/wp-json\/wp\/v2\/product_brand?post=2659"},{"taxonomy":"product_cat","embeddable":true,"href":"https:\/\/jayjayma.de\/en\/wp-json\/wp\/v2\/product_cat?post=2659"},{"taxonomy":"product_tag","embeddable":true,"href":"https:\/\/jayjayma.de\/en\/wp-json\/wp\/v2\/product_tag?post=2659"}],"curies":[{"name":"wp","href":"https:\/\/api.w.org\/{rel}","templated":true}]}}