{"id":3985,"date":"2026-02-02T19:26:15","date_gmt":"2026-02-02T18:26:15","guid":{"rendered":"https:\/\/jayjayma.de\/?post_type=product&#038;p=3985"},"modified":"2026-04-02T20:14:16","modified_gmt":"2026-04-02T18:14:16","slug":"spring-delight","status":"publish","type":"product","link":"https:\/\/jayjayma.de\/en\/product\/spring-delight\/","title":{"rendered":"Spring Delight"},"content":{"rendered":"<p>[et_pb_section fb_built=&#8220;1&#8243; _builder_version=&#8220;4.27.4&#8243; background_color=&#8220;#f9f9f3&#8243; custom_padding=&#8220;0px||||false|false&#8220; global_colors_info=&#8220;{}&#8220;][et_pb_row _builder_version=&#8220;4.16&#8243; background_size=&#8220;initial&#8220; background_position=&#8220;top_left&#8220; background_repeat=&#8220;repeat&#8220; width=&#8220;100%&#8220; custom_padding=&#8220;0px||0px||false|false&#8220; global_colors_info=&#8220;{}&#8220;][et_pb_column type=&#8220;4_4&#8243; _builder_version=&#8220;4.16&#8243; custom_padding=&#8220;|||&#8220; global_colors_info=&#8220;{}&#8220; custom_padding__hover=&#8220;|||&#8220;][et_pb_wc_breadcrumb _builder_version=&#8220;4.27.4&#8243; link_font=&#8220;Raleway_lokal||||||||&#8220; link_text_color=&#8220;#d88a5e&#8220; global_colors_info=&#8220;{}&#8220; link_text_color__hover_enabled=&#8220;on|desktop&#8220; link_text_color__hover=&#8220;#a35d3c&#8220;][\/et_pb_wc_breadcrumb][et_pb_wc_cart_notice _builder_version=&#8220;4.27.4&#8243; title_font=&#8220;Raleway_lokal||||||||&#8220; background_color=&#8220;#607f83&#8243; custom_button=&#8220;on&#8220; button_text_color=&#8220;#f9f9f3&#8243; button_bg_color=&#8220;#a35d3c&#8220; button_font=&#8220;Raleway_lokal||||||||&#8220; global_colors_info=&#8220;{}&#8220;][\/et_pb_wc_cart_notice][\/et_pb_column][\/et_pb_row][et_pb_row column_structure=&#8220;1_2,1_2&#8243; _builder_version=&#8220;4.16&#8243; background_size=&#8220;initial&#8220; background_position=&#8220;top_left&#8220; background_repeat=&#8220;repeat&#8220; width=&#8220;100%&#8220; custom_padding=&#8220;0px||||false|false&#8220; global_colors_info=&#8220;{}&#8220;][et_pb_column type=&#8220;1_2&#8243; _builder_version=&#8220;4.16&#8243; custom_padding=&#8220;|||&#8220; global_colors_info=&#8220;{}&#8220; custom_padding__hover=&#8220;|||&#8220;][et_pb_wc_images _builder_version=&#8220;4.27.4&#8243; sale_badge_font=&#8220;Raleway_lokal||||||||&#8220; global_colors_info=&#8220;{}&#8220;][\/et_pb_wc_images][\/et_pb_column][et_pb_column type=&#8220;1_2&#8243; _builder_version=&#8220;4.16&#8243; custom_padding=&#8220;|||&#8220; global_colors_info=&#8220;{}&#8220; custom_padding__hover=&#8220;|||&#8220;][et_pb_wc_title _builder_version=&#8220;4.27.6&#8243; header_font=&#8220;||||||||&#8220; header_line_height=&#8220;1.3em&#8220; hover_enabled=&#8220;0&#8243; global_colors_info=&#8220;{}&#8220; header_text_color=&#8220;#607F83&#8243; sticky_enabled=&#8220;0&#8243;][\/et_pb_wc_title][et_pb_wc_price _builder_version=&#8220;4.27.5&#8243; body_font=&#8220;||||||||&#8220; body_text_color=&#8220;#a35d3c&#8220; global_colors_info=&#8220;{}&#8220;][\/et_pb_wc_price][et_pb_wc_add_to_cart show_quantity=&#8220;off&#8220; show_stock=&#8220;off&#8220; _builder_version=&#8220;4.27.5&#8243; custom_button=&#8220;on&#8220; button_text_color=&#8220;#607f83&#8243; button_font=&#8220;Raleway_lokal||||||||&#8220; global_colors_info=&#8220;{}&#8220;][\/et_pb_wc_add_to_cart][et_pb_wc_tabs active_tab_background_color=&#8220;#f9f9f3&#8243; inactive_tab_background_color=&#8220;rgba(249,249,243,0.42)&#8220; active_tab_text_color=&#8220;#607f83&#8243; include_tabs=&#8220;description||product_safety&#8220; _builder_version=&#8220;4.27.4&#8243; _module_preset=&#8220;default&#8220; body_font=&#8220;|300|||||||&#8220; body_font_size=&#8220;16px&#8220; tab_font=&#8220;||||||||&#8220; tab_font_size=&#8220;18px&#8220; background_color=&#8220;#f9f9f3&#8243; border_width_all=&#8220;0px&#8220; global_colors_info=&#8220;{}&#8220;][\/et_pb_wc_tabs][et_pb_wc_meta show_sku=&#8220;off&#8220; show_tags=&#8220;off&#8220; _builder_version=&#8220;4.27.4&#8243; body_font=&#8220;Raleway_lokal||||||||&#8220; link_font=&#8220;Raleway_lokal||||||||&#8220; link_text_color=&#8220;#d88a5e&#8220; global_colors_info=&#8220;{}&#8220; link_text_color__hover_enabled=&#8220;on|hover&#8220; link_text_color__hover=&#8220;#a35d3c&#8220;][\/et_pb_wc_meta][\/et_pb_column][\/et_pb_row][et_pb_row _builder_version=&#8220;4.16&#8243; background_size=&#8220;initial&#8220; background_position=&#8220;top_left&#8220; background_repeat=&#8220;repeat&#8220; width=&#8220;100%&#8220; global_colors_info=&#8220;{}&#8220;][et_pb_column type=&#8220;4_4&#8243; _builder_version=&#8220;4.16&#8243; custom_padding=&#8220;|||&#8220; global_colors_info=&#8220;{}&#8220; custom_padding__hover=&#8220;|||&#8220;][et_pb_wc_upsells _builder_version=&#8220;4.16&#8243; global_colors_info=&#8220;{}&#8220;][\/et_pb_wc_upsells][et_pb_wc_related_products show_rating=&#8220;off&#8220; _builder_version=&#8220;4.27.5&#8243; title_font=&#8220;||||||||&#8220; product_title_font=&#8220;|300|||||||&#8220; product_title_font_size=&#8220;18px&#8220; product_title_line_height=&#8220;1.3em&#8220; global_colors_info=&#8220;{}&#8220;][\/et_pb_wc_related_products][\/et_pb_column][\/et_pb_row][\/et_pb_section]<\/p>\n","protected":false},"excerpt":{"rendered":"<p>&#8222;Spring Delight&#8220;, handgemaltes Mandala, 30 cm Durchmesser<\/p>","protected":false},"featured_media":3986,"template":"","meta":{"_et_pb_use_builder":"on","_et_pb_old_content":"<p data-start=\"87\" data-end=\"137\"><strong data-start=\"87\" data-end=\"135\">30 cm, hochwertige Acrylfarben auf Sperrholz<\/strong><\/p>\r\n<p data-start=\"257\" data-end=\"496\"><em data-start=\"257\" data-end=\"273\">Spring Delight<\/em> tr\u00e4gt die Atmosph\u00e4re eines sanften Neubeginns in sich. Die floralen Formen erinnern an Bl\u00fcten, w\u00e4hrend geschwungene Linien wie eine ruhige, nat\u00fcrliche Bewegung durch das Mandala flie\u00dfen.\u00a0Sonnige Akzente setzen helle Impulse zwischen den k\u00fchleren Farbfl\u00e4chen. Dadurch wirkt das Mandala gleichzeitig frisch, freundlich und klar. Je nach Licht entfaltet sich eine andere Nuance \u2013 mal belebend wie Morgenlicht, mal sanft und ausgleichend.<\/p>\r\n<p data-start=\"1024\" data-end=\"1137\">Dieses Mandala unterst\u00fctzt R\u00e4ume, in denen Leichtigkeit, Kreativit\u00e4t und ein Gef\u00fchl von Aufatmen willkommen sind.<\/p>\r\n<p data-start=\"841\" data-end=\"964\">Die Farben verbinden Frische, Balance und sanfte W\u00e4rme:<\/p>\r\n\r\n<ul data-start=\"966\" data-end=\"1417\">\r\n \t<li data-start=\"966\" data-end=\"1080\">\r\n<p data-start=\"1165\" data-end=\"1274\"><strong data-start=\"1165\" data-end=\"1177\">Blaut\u00f6ne <\/strong>stehen f\u00fcr Weite, Klarheit und innere Ruhe<\/p>\r\n<\/li>\r\n \t<li data-start=\"966\" data-end=\"1080\">\r\n<p data-start=\"1165\" data-end=\"1274\"><strong data-start=\"1276\" data-end=\"1288\">Gr\u00fcnt\u00f6ne <\/strong>sind verbunden mit Natur, Regeneration und Balance<\/p>\r\n<\/li>\r\n \t<li data-start=\"966\" data-end=\"1080\">\r\n<p data-start=\"1165\" data-end=\"1274\"><strong data-start=\"1397\" data-end=\"1414\">Sonniges Gelb <\/strong>bringt W\u00e4rme, Licht und Optimismus<\/p>\r\n<\/li>\r\n \t<li data-start=\"966\" data-end=\"1080\">\r\n<p data-start=\"1165\" data-end=\"1274\"><strong data-start=\"1529\" data-end=\"1544\">Zartes Ros\u00e9 <\/strong>wirkt weich und harmonisierend<\/p>\r\n<\/li>\r\n \t<li data-start=\"966\" data-end=\"1080\">\r\n<p data-start=\"1165\" data-end=\"1274\"><strong data-start=\"1644\" data-end=\"1652\">Wei\u00df <\/strong>schafft Klarheit und Leichtigkeit. Es sorgt f\u00fcr visuelle Pausen und l\u00e4sst die Farben strahlen.<\/p>\r\n<\/li>\r\n<\/ul>\r\n<p data-start=\"1419\" data-end=\"1578\">Dieses Mandala macht Lust auf Fr\u00fchling.<\/p>\r\n<p data-start=\"1580\" data-end=\"1594\"><strong data-start=\"1580\" data-end=\"1592\">Details:<\/strong><\/p>\r\n\r\n<ul data-start=\"1596\" data-end=\"2108\">\r\n \t<li data-start=\"1596\" data-end=\"1652\"><strong data-start=\"1598\" data-end=\"1611\">Material:<\/strong> Sperrholzplatte (stabil und langlebig)<\/li>\r\n \t<li data-start=\"1653\" data-end=\"1699\"><strong data-start=\"1655\" data-end=\"1666\">Farben:<\/strong> Hochwertige Acrylfarben (matt)<\/li>\r\n \t<li data-start=\"1700\" data-end=\"1777\"><strong data-start=\"1702\" data-end=\"1719\">Besonderheit:<\/strong> Veredelt mit Perlenstift in Perlwei\u00df f\u00fcr dezente 3D-Akzente<\/li>\r\n \t<li data-start=\"1778\" data-end=\"1804\"><strong data-start=\"1780\" data-end=\"1796\">Durchmesser:<\/strong> 30 cm<\/li>\r\n \t<li data-start=\"1805\" data-end=\"1826\"><strong data-start=\"1807\" data-end=\"1817\">Dicke:<\/strong> 0,8 cm<\/li>\r\n \t<li data-start=\"1827\" data-end=\"1908\"><strong data-start=\"1829\" data-end=\"1846\">Versiegelung:<\/strong> Hochwertiger Firnis (seidenmatt) f\u00fcr langanhaltenden Schutz<\/li>\r\n \t<li data-start=\"1909\" data-end=\"1979\"><strong data-start=\"1911\" data-end=\"1926\">Aufh\u00e4ngung:<\/strong> inkl. S\u00e4gezahn-Aufh\u00e4ngung auf der R\u00fcckseite<\/li>\r\n \t<li data-start=\"1980\" data-end=\"2108\"><strong data-start=\"1982\" data-end=\"1993\">Pflege:<\/strong> Mit einem weichen, trockenen Tuch reinigen, direkte Sonneneinstrahlung vermeiden (Details siehe Pflegehinweise).<\/li>\r\n<\/ul>\r\n<p data-start=\"2110\" data-end=\"2254\">Dieses Kunstwerk ist ein handgefertigtes Einzelst\u00fcck \u2013 ein einzigartiger Blickfang, der leichte, frische Energie in dein Zuhause bringt.<\/p>\r\n<em><strong>Hinweis:<\/strong><\/em>\r\n\r\n<em>Die Darstellung der Farben kann je nach Bildschirm und Ger\u00e4teeinstellung von den tats\u00e4chlichen Farbt\u00f6nen des Kunstwerks abweichen.<\/em>\r\n<p data-start=\"2256\" data-end=\"2270\"><strong data-start=\"2256\" data-end=\"2268\">Versand:<\/strong><\/p>\r\n<p data-start=\"2272\" data-end=\"2585\">Der Versand erfolgt \u00fcber den Webshop derzeit nur innerhalb Deutschlands. F\u00fcr Bestellungen aus anderen L\u00e4ndern bitte ich um eine Nachricht, da der Versand hier im Einzelfall gepr\u00fcft werden muss. Je nach Land m\u00fcssen Zollbestimmungen, Versanddienstleister und Versicherungsm\u00f6glichkeiten individuell gekl\u00e4rt werden.<\/p>","_et_gb_content_width":""},"product_brand":[],"product_cat":[53],"product_tag":[],"class_list":{"0":"post-3985","1":"product","2":"type-product","3":"status-publish","4":"has-post-thumbnail","6":"product_cat-gemaelde","8":"first","9":"instock","10":"sold-individually","11":"taxable","12":"shipping-taxable","13":"purchasable","14":"product-type-simple"},"yoast_head":"<!-- This site is optimized with the Yoast SEO plugin v27.3 - https:\/\/yoast.com\/product\/yoast-seo-wordpress\/ -->\n<title>Spring Delight \u2013 Handgemaltes blau-gr\u00fcnes Bl\u00fctenmandala<\/title>\n<meta name=\"description\" content=\"Handgemaltes Mandala in Blau-, Gr\u00fcn-, Gelb- und Ros\u00e9t\u00f6nen. Spring Delight bringt Frische, Leichtigkeit und harmonische Energie in dein Zuhause.\" \/>\n<meta name=\"robots\" content=\"index, follow, max-snippet:-1, max-image-preview:large, max-video-preview:-1\" \/>\n<link rel=\"canonical\" href=\"https:\/\/jayjayma.de\/en\/product\/spring-delight\/\" \/>\n<meta property=\"og:locale\" content=\"en_GB\" \/>\n<meta property=\"og:type\" content=\"article\" \/>\n<meta property=\"og:title\" content=\"Spring Delight \u2013 Handgemaltes blau-gr\u00fcnes Bl\u00fctenmandala\" \/>\n<meta property=\"og:description\" content=\"Handgemaltes Mandala in Blau-, Gr\u00fcn-, Gelb- und Ros\u00e9t\u00f6nen. Spring Delight bringt Frische, Leichtigkeit und harmonische Energie in dein Zuhause.\" \/>\n<meta property=\"og:url\" content=\"https:\/\/jayjayma.de\/en\/product\/spring-delight\/\" \/>\n<meta property=\"og:site_name\" content=\"jayjayma.de\" \/>\n<meta property=\"article:modified_time\" content=\"2026-04-02T18:14:16+00:00\" \/>\n<meta property=\"og:image\" content=\"https:\/\/jayjayma.de\/wp-content\/uploads\/2026\/02\/18.jpg\" \/>\n\t<meta property=\"og:image:width\" content=\"1000\" \/>\n\t<meta property=\"og:image:height\" content=\"1000\" \/>\n\t<meta property=\"og:image:type\" content=\"image\/jpeg\" \/>\n<meta name=\"twitter:card\" content=\"summary_large_image\" \/>\n<meta name=\"twitter:label1\" content=\"Estimated reading time\" \/>\n\t<meta name=\"twitter:data1\" content=\"2 minutes\" \/>\n<script type=\"application\/ld+json\" class=\"yoast-schema-graph\">{\"@context\":\"https:\\\/\\\/schema.org\",\"@graph\":[{\"@type\":\"WebPage\",\"@id\":\"https:\\\/\\\/jayjayma.de\\\/product\\\/spring-delight\\\/\",\"url\":\"https:\\\/\\\/jayjayma.de\\\/product\\\/spring-delight\\\/\",\"name\":\"Spring Delight \u2013 Handgemaltes blau-gr\u00fcnes Bl\u00fctenmandala\",\"isPartOf\":{\"@id\":\"https:\\\/\\\/jayjayma.de\\\/#website\"},\"primaryImageOfPage\":{\"@id\":\"https:\\\/\\\/jayjayma.de\\\/product\\\/spring-delight\\\/#primaryimage\"},\"image\":{\"@id\":\"https:\\\/\\\/jayjayma.de\\\/product\\\/spring-delight\\\/#primaryimage\"},\"thumbnailUrl\":\"https:\\\/\\\/jayjayma.de\\\/wp-content\\\/uploads\\\/2026\\\/02\\\/18.jpg\",\"datePublished\":\"2026-02-02T18:26:15+00:00\",\"dateModified\":\"2026-04-02T18:14:16+00:00\",\"description\":\"Handgemaltes Mandala in Blau-, Gr\u00fcn-, Gelb- und Ros\u00e9t\u00f6nen. Spring Delight bringt Frische, Leichtigkeit und harmonische Energie in dein Zuhause.\",\"breadcrumb\":{\"@id\":\"https:\\\/\\\/jayjayma.de\\\/product\\\/spring-delight\\\/#breadcrumb\"},\"inLanguage\":\"en-GB\",\"potentialAction\":[{\"@type\":\"ReadAction\",\"target\":[\"https:\\\/\\\/jayjayma.de\\\/product\\\/spring-delight\\\/\"]}]},{\"@type\":\"ImageObject\",\"inLanguage\":\"en-GB\",\"@id\":\"https:\\\/\\\/jayjayma.de\\\/product\\\/spring-delight\\\/#primaryimage\",\"url\":\"https:\\\/\\\/jayjayma.de\\\/wp-content\\\/uploads\\\/2026\\\/02\\\/18.jpg\",\"contentUrl\":\"https:\\\/\\\/jayjayma.de\\\/wp-content\\\/uploads\\\/2026\\\/02\\\/18.jpg\",\"width\":1000,\"height\":1000},{\"@type\":\"BreadcrumbList\",\"@id\":\"https:\\\/\\\/jayjayma.de\\\/product\\\/spring-delight\\\/#breadcrumb\",\"itemListElement\":[{\"@type\":\"ListItem\",\"position\":1,\"name\":\"Home\",\"item\":\"https:\\\/\\\/jayjayma.de\\\/\"},{\"@type\":\"ListItem\",\"position\":2,\"name\":\"Originale\",\"item\":\"https:\\\/\\\/jayjayma.de\\\/shop\\\/\"},{\"@type\":\"ListItem\",\"position\":3,\"name\":\"Spring Delight\"}]},{\"@type\":\"WebSite\",\"@id\":\"https:\\\/\\\/jayjayma.de\\\/#website\",\"url\":\"https:\\\/\\\/jayjayma.de\\\/\",\"name\":\"jayjayma.de\",\"description\":\"arts and craft\",\"publisher\":{\"@id\":\"https:\\\/\\\/jayjayma.de\\\/#\\\/schema\\\/person\\\/e9210b912c40330c015ef249278e5649\"},\"potentialAction\":[{\"@type\":\"SearchAction\",\"target\":{\"@type\":\"EntryPoint\",\"urlTemplate\":\"https:\\\/\\\/jayjayma.de\\\/?s={search_term_string}\"},\"query-input\":{\"@type\":\"PropertyValueSpecification\",\"valueRequired\":true,\"valueName\":\"search_term_string\"}}],\"inLanguage\":\"en-GB\"},{\"@type\":[\"Person\",\"Organization\"],\"@id\":\"https:\\\/\\\/jayjayma.de\\\/#\\\/schema\\\/person\\\/e9210b912c40330c015ef249278e5649\",\"name\":\"Julia James\",\"image\":{\"@type\":\"ImageObject\",\"inLanguage\":\"en-GB\",\"@id\":\"https:\\\/\\\/jayjayma.de\\\/wp-content\\\/uploads\\\/2025\\\/04\\\/jayjaysdots_dunkel.png\",\"url\":\"https:\\\/\\\/jayjayma.de\\\/wp-content\\\/uploads\\\/2025\\\/04\\\/jayjaysdots_dunkel.png\",\"contentUrl\":\"https:\\\/\\\/jayjayma.de\\\/wp-content\\\/uploads\\\/2025\\\/04\\\/jayjaysdots_dunkel.png\",\"width\":500,\"height\":500,\"caption\":\"Julia James\"},\"logo\":{\"@id\":\"https:\\\/\\\/jayjayma.de\\\/wp-content\\\/uploads\\\/2025\\\/04\\\/jayjaysdots_dunkel.png\"},\"description\":\"Die Mandala-K\u00fcnstlerin und Workshop-Leiterin verbindet Kreativit\u00e4t mit Achtsamkeit und inspiriert andere, durch das Betrachten und Malen von Mandalas innere Ruhe und Balance zu finden.\",\"sameAs\":[\"https:\\\/\\\/jayjayma.de\",\"https:\\\/\\\/www.instagram.com\\\/jayjaysdots\\\/\"]}]}<\/script>\n<!-- \/ Yoast SEO plugin. -->","yoast_head_json":{"title":"Spring Delight \u2013 Handgemaltes blau-gr\u00fcnes Bl\u00fctenmandala","description":"Handgemaltes Mandala in Blau-, Gr\u00fcn-, Gelb- und Ros\u00e9t\u00f6nen. Spring Delight bringt Frische, Leichtigkeit und harmonische Energie in dein Zuhause.","robots":{"index":"index","follow":"follow","max-snippet":"max-snippet:-1","max-image-preview":"max-image-preview:large","max-video-preview":"max-video-preview:-1"},"canonical":"https:\/\/jayjayma.de\/en\/product\/spring-delight\/","og_locale":"en_GB","og_type":"article","og_title":"Spring Delight \u2013 Handgemaltes blau-gr\u00fcnes Bl\u00fctenmandala","og_description":"Handgemaltes Mandala in Blau-, Gr\u00fcn-, Gelb- und Ros\u00e9t\u00f6nen. Spring Delight bringt Frische, Leichtigkeit und harmonische Energie in dein Zuhause.","og_url":"https:\/\/jayjayma.de\/en\/product\/spring-delight\/","og_site_name":"jayjayma.de","article_modified_time":"2026-04-02T18:14:16+00:00","og_image":[{"width":1000,"height":1000,"url":"https:\/\/jayjayma.de\/wp-content\/uploads\/2026\/02\/18.jpg","type":"image\/jpeg"}],"twitter_card":"summary_large_image","twitter_misc":{"Estimated reading time":"2 minutes"},"schema":{"@context":"https:\/\/schema.org","@graph":[{"@type":"WebPage","@id":"https:\/\/jayjayma.de\/product\/spring-delight\/","url":"https:\/\/jayjayma.de\/product\/spring-delight\/","name":"Spring Delight \u2013 Handgemaltes blau-gr\u00fcnes Bl\u00fctenmandala","isPartOf":{"@id":"https:\/\/jayjayma.de\/#website"},"primaryImageOfPage":{"@id":"https:\/\/jayjayma.de\/product\/spring-delight\/#primaryimage"},"image":{"@id":"https:\/\/jayjayma.de\/product\/spring-delight\/#primaryimage"},"thumbnailUrl":"https:\/\/jayjayma.de\/wp-content\/uploads\/2026\/02\/18.jpg","datePublished":"2026-02-02T18:26:15+00:00","dateModified":"2026-04-02T18:14:16+00:00","description":"Handgemaltes Mandala in Blau-, Gr\u00fcn-, Gelb- und Ros\u00e9t\u00f6nen. Spring Delight bringt Frische, Leichtigkeit und harmonische Energie in dein Zuhause.","breadcrumb":{"@id":"https:\/\/jayjayma.de\/product\/spring-delight\/#breadcrumb"},"inLanguage":"en-GB","potentialAction":[{"@type":"ReadAction","target":["https:\/\/jayjayma.de\/product\/spring-delight\/"]}]},{"@type":"ImageObject","inLanguage":"en-GB","@id":"https:\/\/jayjayma.de\/product\/spring-delight\/#primaryimage","url":"https:\/\/jayjayma.de\/wp-content\/uploads\/2026\/02\/18.jpg","contentUrl":"https:\/\/jayjayma.de\/wp-content\/uploads\/2026\/02\/18.jpg","width":1000,"height":1000},{"@type":"BreadcrumbList","@id":"https:\/\/jayjayma.de\/product\/spring-delight\/#breadcrumb","itemListElement":[{"@type":"ListItem","position":1,"name":"Home","item":"https:\/\/jayjayma.de\/"},{"@type":"ListItem","position":2,"name":"Originale","item":"https:\/\/jayjayma.de\/shop\/"},{"@type":"ListItem","position":3,"name":"Spring Delight"}]},{"@type":"WebSite","@id":"https:\/\/jayjayma.de\/#website","url":"https:\/\/jayjayma.de\/","name":"jayjayma.de","description":"arts and craft","publisher":{"@id":"https:\/\/jayjayma.de\/#\/schema\/person\/e9210b912c40330c015ef249278e5649"},"potentialAction":[{"@type":"SearchAction","target":{"@type":"EntryPoint","urlTemplate":"https:\/\/jayjayma.de\/?s={search_term_string}"},"query-input":{"@type":"PropertyValueSpecification","valueRequired":true,"valueName":"search_term_string"}}],"inLanguage":"en-GB"},{"@type":["Person","Organization"],"@id":"https:\/\/jayjayma.de\/#\/schema\/person\/e9210b912c40330c015ef249278e5649","name":"Julia James","image":{"@type":"ImageObject","inLanguage":"en-GB","@id":"https:\/\/jayjayma.de\/wp-content\/uploads\/2025\/04\/jayjaysdots_dunkel.png","url":"https:\/\/jayjayma.de\/wp-content\/uploads\/2025\/04\/jayjaysdots_dunkel.png","contentUrl":"https:\/\/jayjayma.de\/wp-content\/uploads\/2025\/04\/jayjaysdots_dunkel.png","width":500,"height":500,"caption":"Julia James"},"logo":{"@id":"https:\/\/jayjayma.de\/wp-content\/uploads\/2025\/04\/jayjaysdots_dunkel.png"},"description":"The mandala artist and workshop host combines creativity with mindfulness and inspires others to find inner peace and balance by looking at and painting mandalas.","sameAs":["https:\/\/jayjayma.de","https:\/\/www.instagram.com\/jayjaysdots\/"]}]}},"_links":{"self":[{"href":"https:\/\/jayjayma.de\/en\/wp-json\/wp\/v2\/product\/3985","targetHints":{"allow":["GET"]}}],"collection":[{"href":"https:\/\/jayjayma.de\/en\/wp-json\/wp\/v2\/product"}],"about":[{"href":"https:\/\/jayjayma.de\/en\/wp-json\/wp\/v2\/types\/product"}],"wp:featuredmedia":[{"embeddable":true,"href":"https:\/\/jayjayma.de\/en\/wp-json\/wp\/v2\/media\/3986"}],"wp:attachment":[{"href":"https:\/\/jayjayma.de\/en\/wp-json\/wp\/v2\/media?parent=3985"}],"wp:term":[{"taxonomy":"product_brand","embeddable":true,"href":"https:\/\/jayjayma.de\/en\/wp-json\/wp\/v2\/product_brand?post=3985"},{"taxonomy":"product_cat","embeddable":true,"href":"https:\/\/jayjayma.de\/en\/wp-json\/wp\/v2\/product_cat?post=3985"},{"taxonomy":"product_tag","embeddable":true,"href":"https:\/\/jayjayma.de\/en\/wp-json\/wp\/v2\/product_tag?post=3985"}],"curies":[{"name":"wp","href":"https:\/\/api.w.org\/{rel}","templated":true}]}}